{"id":28,"date":"2023-06-22T17:49:05","date_gmt":"2023-06-22T15:49:05","guid":{"rendered":"https:\/\/www.website-design.group\/photovoltaik\/contact-us\/"},"modified":"2023-08-04T11:40:07","modified_gmt":"2023-08-04T09:40:07","slug":"kontakt","status":"publish","type":"page","link":"https:\/\/www.website-design.group\/unternehmen\/kontakt\/","title":{"rendered":"Kontakt"},"content":{"rendered":"\t\t<div data-elementor-type=\"wp-page\" data-elementor-id=\"28\" class=\"elementor elementor-28\" data-elementor-post-type=\"page\">\n\t\t\t\t\t\t<section class=\"elementor-section elementor-top-section elementor-element elementor-element-4ba9e33f elementor-section-height-min-height elementor-section-boxed elementor-section-height-default elementor-section-items-middle\" data-id=\"4ba9e33f\" data-element_type=\"section\" data-e-type=\"section\" data-settings=\"{&quot;background_background&quot;:&quot;classic&quot;,&quot;background_motion_fx_motion_fx_scrolling&quot;:&quot;yes&quot;,&quot;background_motion_fx_scale_effect&quot;:&quot;yes&quot;,&quot;background_motion_fx_scale_speed&quot;:{&quot;unit&quot;:&quot;px&quot;,&quot;size&quot;:&quot;1&quot;,&quot;sizes&quot;:[]},&quot;background_motion_fx_scale_direction&quot;:&quot;out-in&quot;,&quot;background_motion_fx_scale_range&quot;:{&quot;unit&quot;:&quot;%&quot;,&quot;size&quot;:&quot;&quot;,&quot;sizes&quot;:{&quot;start&quot;:20,&quot;end&quot;:80}},&quot;background_motion_fx_devices&quot;:[&quot;desktop&quot;,&quot;tablet&quot;,&quot;mobile&quot;]}\">\n\t\t\t\t\t\t<div class=\"elementor-container elementor-column-gap-default\">\n\t\t\t\t\t<div class=\"elementor-column elementor-col-100 elementor-top-column elementor-element elementor-element-21383b76\" data-id=\"21383b76\" data-element_type=\"column\" data-e-type=\"column\">\n\t\t\t<div class=\"elementor-widget-wrap elementor-element-populated\">\n\t\t\t\t\t\t<div class=\"elementor-element elementor-element-8cbdd2a elementor-widget elementor-widget-heading\" data-id=\"8cbdd2a\" data-element_type=\"widget\" data-e-type=\"widget\" data-widget_type=\"heading.default\">\n\t\t\t\t<div class=\"elementor-widget-container\">\n\t\t\t\t\t<h1 class=\"elementor-heading-title elementor-size-default\">Kontakt<\/h1>\t\t\t\t<\/div>\n\t\t\t\t<\/div>\n\t\t\t\t<section class=\"elementor-section elementor-inner-section elementor-element elementor-element-3345d979 elementor-section-full_width animated-slow elementor-section-height-default elementor-section-height-default elementor-invisible\" data-id=\"3345d979\" data-element_type=\"section\" data-e-type=\"section\" data-settings=\"{&quot;animation&quot;:&quot;fadeInUp&quot;}\">\n\t\t\t\t\t\t<div class=\"elementor-container elementor-column-gap-default\">\n\t\t\t\t\t<div class=\"elementor-column elementor-col-33 elementor-inner-column elementor-element elementor-element-744afdcd\" data-id=\"744afdcd\" data-element_type=\"column\" data-e-type=\"column\">\n\t\t\t<div class=\"elementor-widget-wrap elementor-element-populated\">\n\t\t\t\t\t\t<div class=\"elementor-element elementor-element-1d78f66b elementor-widget elementor-widget-heading\" data-id=\"1d78f66b\" data-element_type=\"widget\" data-e-type=\"widget\" data-widget_type=\"heading.default\">\n\t\t\t\t<div class=\"elementor-widget-container\">\n\t\t\t\t\t<h4 class=\"elementor-heading-title elementor-size-default\">B\u00fcro Wien<\/h4>\t\t\t\t<\/div>\n\t\t\t\t<\/div>\n\t\t\t\t<div class=\"elementor-element elementor-element-2395e9d6 elementor-widget elementor-widget-text-editor\" data-id=\"2395e9d6\" data-element_type=\"widget\" data-e-type=\"widget\" data-widget_type=\"text-editor.default\">\n\t\t\t\t<div class=\"elementor-widget-container\">\n\t\t\t\t\t\t\t\t\t<p>Telefon: 01 2345 67890<br \/>Adresse: Graben 1, 1010 Wien<br \/>Email: infowien@ihrefirma.com<br \/>\u00d6ffnugszeiten: Mo- Fr 07:30-16:30<\/p>\t\t\t\t\t\t\t\t<\/div>\n\t\t\t\t<\/div>\n\t\t\t\t\t<\/div>\n\t\t<\/div>\n\t\t\t\t<div class=\"elementor-column elementor-col-33 elementor-inner-column elementor-element elementor-element-3ec9688f\" data-id=\"3ec9688f\" data-element_type=\"column\" data-e-type=\"column\">\n\t\t\t<div class=\"elementor-widget-wrap elementor-element-populated\">\n\t\t\t\t\t\t<div class=\"elementor-element elementor-element-449416cb elementor-widget elementor-widget-heading\" data-id=\"449416cb\" data-element_type=\"widget\" data-e-type=\"widget\" data-widget_type=\"heading.default\">\n\t\t\t\t<div class=\"elementor-widget-container\">\n\t\t\t\t\t<h4 class=\"elementor-heading-title elementor-size-default\">B\u00fcro Linz<\/h4>\t\t\t\t<\/div>\n\t\t\t\t<\/div>\n\t\t\t\t<div class=\"elementor-element elementor-element-417ab3dd elementor-widget elementor-widget-text-editor\" data-id=\"417ab3dd\" data-element_type=\"widget\" data-e-type=\"widget\" data-widget_type=\"text-editor.default\">\n\t\t\t\t<div class=\"elementor-widget-container\">\n\t\t\t\t\t\t\t\t\t<p>Telefon: 02 2345 67890<br \/>Adresse: Hauptplatz 1, 4020 Linz<br \/>Email: infolinz@ihrefirma.com<br \/>\u00d6ffnugszeiten: Mo- Fr 07:30-16:30<\/p>\t\t\t\t\t\t\t\t<\/div>\n\t\t\t\t<\/div>\n\t\t\t\t\t<\/div>\n\t\t<\/div>\n\t\t\t\t<div class=\"elementor-column elementor-col-33 elementor-inner-column elementor-element elementor-element-2bd48583\" data-id=\"2bd48583\" data-element_type=\"column\" data-e-type=\"column\">\n\t\t\t<div class=\"elementor-widget-wrap elementor-element-populated\">\n\t\t\t\t\t\t<div class=\"elementor-element elementor-element-f789c5d elementor-widget elementor-widget-heading\" data-id=\"f789c5d\" data-element_type=\"widget\" data-e-type=\"widget\" data-widget_type=\"heading.default\">\n\t\t\t\t<div class=\"elementor-widget-container\">\n\t\t\t\t\t<h4 class=\"elementor-heading-title elementor-size-default\">B\u00fcro M\u00fcnchen<\/h4>\t\t\t\t<\/div>\n\t\t\t\t<\/div>\n\t\t\t\t<div class=\"elementor-element elementor-element-7230ed80 elementor-widget elementor-widget-text-editor\" data-id=\"7230ed80\" data-element_type=\"widget\" data-e-type=\"widget\" data-widget_type=\"text-editor.default\">\n\t\t\t\t<div class=\"elementor-widget-container\">\n\t\t\t\t\t\t\t\t\t<p>Telefon: 01 2345 67890<br \/>Adresse: Graben 1, 80150 M\u00fcnchen<br \/>Email: infomuenchen@ihrefirma.com<br \/>\u00d6ffnugszeiten: Mo- Fr 07:30-16:30<\/p>\t\t\t\t\t\t\t\t<\/div>\n\t\t\t\t<\/div>\n\t\t\t\t\t<\/div>\n\t\t<\/div>\n\t\t\t\t\t<\/div>\n\t\t<\/section>\n\t\t\t\t\t<\/div>\n\t\t<\/div>\n\t\t\t\t\t<\/div>\n\t\t<\/section>\n\t\t\t\t<section class=\"elementor-section elementor-top-section elementor-element elementor-element-7998cac3 elementor-section-height-min-height elementor-section-boxed elementor-section-height-default elementor-section-items-middle\" data-id=\"7998cac3\" data-element_type=\"section\" data-e-type=\"section\">\n\t\t\t\t\t\t<div class=\"elementor-container elementor-column-gap-default\">\n\t\t\t\t\t<div class=\"elementor-column elementor-col-100 elementor-top-column elementor-element elementor-element-36ab192d\" data-id=\"36ab192d\" data-element_type=\"column\" data-e-type=\"column\">\n\t\t\t<div class=\"elementor-widget-wrap elementor-element-populated\">\n\t\t\t\t\t\t<div class=\"elementor-element elementor-element-5a2c7f1d elementor-view-default elementor-widget elementor-widget-icon\" data-id=\"5a2c7f1d\" data-element_type=\"widget\" data-e-type=\"widget\" data-widget_type=\"icon.default\">\n\t\t\t\t<div class=\"elementor-widget-container\">\n\t\t\t\t\t\t\t<div class=\"elementor-icon-wrapper\">\n\t\t\t<div class=\"elementor-icon\">\n\t\t\t<svg xmlns=\"http:\/\/www.w3.org\/2000\/svg\" xmlns:xlink=\"http:\/\/www.w3.org\/1999\/xlink\" width=\"43px\" height=\"93px\" viewBox=\"0 0 43 93\"><title>Combined Shape<\/title><desc>Created with Sketch.<\/desc><defs><linearGradient x1=\"53.7525337%\" y1=\"0%\" x2=\"50%\" y2=\"100%\" id=\"linearGradient-1\"><stop stop-color=\"#B7B7B7\" offset=\"0%\"><\/stop><stop stop-color=\"#FFFFFF\" offset=\"100%\"><\/stop><\/linearGradient><\/defs><g id=\"Website-Chosen-Pages\" stroke=\"none\" stroke-width=\"1\" fill=\"none\" fill-rule=\"evenodd\"><g id=\"Home-Page-\" transform=\"translate(-929.000000, -2726.000000)\" stroke=\"url(#linearGradient-1)\" stroke-width=\"2\"><g transform=\"translate(561.000000, 2726.000000)\"><path d=\"M389.5,0 L389.5,93 M369.5,57.3081081 L369.5,93 M399.5,31.6702703 L399.5,93 M409.5,57.3081081 L409.5,93 M379.5,21.6162162 L379.5,93\" id=\"Combined-Shape\"><\/path><\/g><\/g><\/g><\/svg>\t\t\t<\/div>\n\t\t<\/div>\n\t\t\t\t\t\t<\/div>\n\t\t\t\t<\/div>\n\t\t\t\t<div class=\"elementor-element elementor-element-12b495cd elementor-widget elementor-widget-heading\" data-id=\"12b495cd\" data-element_type=\"widget\" data-e-type=\"widget\" data-widget_type=\"heading.default\">\n\t\t\t\t<div class=\"elementor-widget-container\">\n\t\t\t\t\t<h2 class=\"elementor-heading-title elementor-size-default\">Wir sind hier, um zu helfen.<\/h2>\t\t\t\t<\/div>\n\t\t\t\t<\/div>\n\t\t\t\t<div class=\"elementor-element elementor-element-3510ef38 elementor-widget elementor-widget-text-editor\" data-id=\"3510ef38\" data-element_type=\"widget\" data-e-type=\"widget\" data-widget_type=\"text-editor.default\">\n\t\t\t\t<div class=\"elementor-widget-container\">\n\t\t\t\t\t\t\t\t\t<p>Lorem ipsum dolor sit amet, consectetur adipisicing elit, sed do eiusmod tempor incididunt ut labore et dolore magna aliqua. Lorem ipsum dolor sit amet, consectetur adipisicing elit, sed do eiusmod tempor incididunt ut <\/p>\t\t\t\t\t\t\t\t<\/div>\n\t\t\t\t<\/div>\n\t\t\t\t<div class=\"elementor-element elementor-element-51208be8 elementor-button-align-start elementor-mobile-button-align-stretch elementor-widget elementor-widget-form\" data-id=\"51208be8\" data-element_type=\"widget\" data-e-type=\"widget\" data-settings=\"{&quot;step_next_label&quot;:&quot;N\\u00e4chster &quot;,&quot;step_previous_label&quot;:&quot;Vorheriger&quot;,&quot;step_type&quot;:&quot;number_text&quot;,&quot;step_icon_shape&quot;:&quot;circle&quot;}\" data-widget_type=\"form.default\">\n\t\t\t\t<div class=\"elementor-widget-container\">\n\t\t\t\t\t\t\t<form class=\"elementor-form\" method=\"post\" name=\"Contact Form\" aria-label=\"Contact Form\">\n\t\t\t<input type=\"hidden\" name=\"post_id\" value=\"28\"\/>\n\t\t\t<input type=\"hidden\" name=\"form_id\" value=\"51208be8\"\/>\n\t\t\t<input type=\"hidden\" name=\"referer_title\" value=\"Kontakt - Unternehmens Hompage\" \/>\n\n\t\t\t\t\t\t\t<input type=\"hidden\" name=\"queried_id\" value=\"28\"\/>\n\t\t\t\n\t\t\t<div class=\"elementor-form-fields-wrapper elementor-labels-above\">\n\t\t\t\t\t\t\t\t<div class=\"elementor-field-type-text elementor-field-group elementor-column elementor-field-group-name elementor-col-50\">\n\t\t\t\t\t\t\t\t\t\t\t\t<label for=\"form-field-name\" class=\"elementor-field-label\">\n\t\t\t\t\t\t\t\tFirmenname\t\t\t\t\t\t\t<\/label>\n\t\t\t\t\t\t\t\t\t\t\t\t\t\t<input size=\"1\" type=\"text\" name=\"form_fields[name]\" id=\"form-field-name\" class=\"elementor-field elementor-size-md  elementor-field-textual\">\n\t\t\t\t\t\t\t\t\t\t\t<\/div>\n\t\t\t\t\t\t\t\t<div class=\"elementor-field-type-text elementor-field-group elementor-column elementor-field-group-field_1 elementor-col-50\">\n\t\t\t\t\t\t\t\t\t\t\t\t<label for=\"form-field-field_1\" class=\"elementor-field-label\">\n\t\t\t\t\t\t\t\tName\t\t\t\t\t\t\t<\/label>\n\t\t\t\t\t\t\t\t\t\t\t\t\t\t<input size=\"1\" type=\"text\" name=\"form_fields[field_1]\" id=\"form-field-field_1\" class=\"elementor-field elementor-size-md  elementor-field-textual\">\n\t\t\t\t\t\t\t\t\t\t\t<\/div>\n\t\t\t\t\t\t\t\t<div class=\"elementor-field-type-email elementor-field-group elementor-column elementor-field-group-email elementor-col-50\">\n\t\t\t\t\t\t\t\t\t\t\t\t<label for=\"form-field-email\" class=\"elementor-field-label\">\n\t\t\t\t\t\t\t\tEmail Adresse\t\t\t\t\t\t\t<\/label>\n\t\t\t\t\t\t\t\t\t\t\t\t\t\t<input size=\"1\" type=\"email\" name=\"form_fields[email]\" id=\"form-field-email\" class=\"elementor-field elementor-size-md  elementor-field-textual\">\n\t\t\t\t\t\t\t\t\t\t\t<\/div>\n\t\t\t\t\t\t\t\t<div class=\"elementor-field-type-tel elementor-field-group elementor-column elementor-field-group-field_2 elementor-col-50\">\n\t\t\t\t\t\t\t\t\t\t\t\t<label for=\"form-field-field_2\" class=\"elementor-field-label\">\n\t\t\t\t\t\t\t\tTelefonnummer\t\t\t\t\t\t\t<\/label>\n\t\t\t\t\t\t\t\t<input size=\"1\" type=\"tel\" name=\"form_fields[field_2]\" id=\"form-field-field_2\" class=\"elementor-field elementor-size-md  elementor-field-textual\" pattern=\"[0-9()#&amp;+*-=.]+\" title=\"Nur Nummern oder Telefon-Zeichen (#, -, *, etc) werden akzeptiert.\">\n\n\t\t\t\t\t\t<\/div>\n\t\t\t\t\t\t\t\t<div class=\"elementor-field-type-textarea elementor-field-group elementor-column elementor-field-group-message elementor-col-100\">\n\t\t\t\t\t\t\t\t\t\t\t\t<label for=\"form-field-message\" class=\"elementor-field-label\">\n\t\t\t\t\t\t\t\tIhre Nachricht\t\t\t\t\t\t\t<\/label>\n\t\t\t\t\t\t<textarea class=\"elementor-field-textual elementor-field  elementor-size-md\" name=\"form_fields[message]\" id=\"form-field-message\" rows=\"4\"><\/textarea>\t\t\t\t<\/div>\n\t\t\t\t\t\t\t\t<div class=\"elementor-field-group elementor-column elementor-field-type-submit elementor-col-100 e-form__buttons\">\n\t\t\t\t\t<button class=\"elementor-button elementor-size-md\" type=\"submit\">\n\t\t\t\t\t\t<span class=\"elementor-button-content-wrapper\">\n\t\t\t\t\t\t\t\t\t\t\t\t\t\t\t\t\t\t\t\t\t\t<span class=\"elementor-button-text\">Anfrage Senden<\/span>\n\t\t\t\t\t\t\t\t\t\t\t\t\t<\/span>\n\t\t\t\t\t<\/button>\n\t\t\t\t<\/div>\n\t\t\t<\/div>\n\t\t<\/form>\n\t\t\t\t\t\t<\/div>\n\t\t\t\t<\/div>\n\t\t\t\t\t<\/div>\n\t\t<\/div>\n\t\t\t\t\t<\/div>\n\t\t<\/section>\n\t\t\t\t<\/div>\n\t\t","protected":false},"excerpt":{"rendered":"<p>Kontakt B\u00fcro Wien Telefon: 01 2345 67890Adresse: Graben 1, 1010 WienEmail: infowien@ihrefirma.com\u00d6ffnugszeiten: Mo- Fr 07:30-16:30 B\u00fcro Linz Telefon: 02 2345 67890Adresse: Hauptplatz 1, 4020 LinzEmail: infolinz@ihrefirma.com\u00d6ffnugszeiten: Mo- Fr 07:30-16:30 B\u00fcro M\u00fcnchen Telefon: 01 2345 67890Adresse: Graben 1, 80150 M\u00fcnchenEmail: infomuenchen@ihrefirma.com\u00d6ffnugszeiten: Mo- Fr 07:30-16:30 Combined ShapeCreated with Sketch. Wir sind hier, um zu helfen. Lorem ipsum [&hellip;]<\/p>\n","protected":false},"author":1,"featured_media":0,"parent":0,"menu_order":0,"comment_status":"closed","ping_status":"closed","template":"elementor_header_footer","meta":{"footnotes":""},"class_list":["post-28","page","type-page","status-publish","hentry","entry"],"yoast_head":"<!-- This site is optimized with the Yoast SEO plugin v27.5 - https:\/\/yoast.com\/product\/yoast-seo-wordpress\/ -->\n<title>Kontakt - Unternehmens Hompage<\/title>\n<meta name=\"robots\" content=\"index, follow, max-snippet:-1, max-image-preview:large, max-video-preview:-1\" \/>\n<link rel=\"canonical\" href=\"https:\/\/www.website-design.group\/unternehmen\/kontakt\/\" \/>\n<meta property=\"og:locale\" content=\"de_DE\" \/>\n<meta property=\"og:type\" content=\"article\" \/>\n<meta property=\"og:title\" content=\"Kontakt - Unternehmens Hompage\" \/>\n<meta property=\"og:description\" content=\"Kontakt B\u00fcro Wien Telefon: 01 2345 67890Adresse: Graben 1, 1010 WienEmail: infowien@ihrefirma.com\u00d6ffnugszeiten: Mo- Fr 07:30-16:30 B\u00fcro Linz Telefon: 02 2345 67890Adresse: Hauptplatz 1, 4020 LinzEmail: infolinz@ihrefirma.com\u00d6ffnugszeiten: Mo- Fr 07:30-16:30 B\u00fcro M\u00fcnchen Telefon: 01 2345 67890Adresse: Graben 1, 80150 M\u00fcnchenEmail: infomuenchen@ihrefirma.com\u00d6ffnugszeiten: Mo- Fr 07:30-16:30 Combined ShapeCreated with Sketch. Wir sind hier, um zu helfen. Lorem ipsum [&hellip;]\" \/>\n<meta property=\"og:url\" content=\"https:\/\/www.website-design.group\/unternehmen\/kontakt\/\" \/>\n<meta property=\"og:site_name\" content=\"Unternehmens Hompage\" \/>\n<meta property=\"article:modified_time\" content=\"2023-08-04T09:40:07+00:00\" \/>\n<meta name=\"twitter:card\" content=\"summary_large_image\" \/>\n<meta name=\"twitter:label1\" content=\"Gesch\u00e4tzte Lesezeit\" \/>\n\t<meta name=\"twitter:data1\" content=\"1\u00a0Minute\" \/>\n<script type=\"application\/ld+json\" class=\"yoast-schema-graph\">{\"@context\":\"https:\\\/\\\/schema.org\",\"@graph\":[{\"@type\":\"WebPage\",\"@id\":\"https:\\\/\\\/www.website-design.group\\\/unternehmen\\\/kontakt\\\/\",\"url\":\"https:\\\/\\\/www.website-design.group\\\/unternehmen\\\/kontakt\\\/\",\"name\":\"Kontakt - Unternehmens Hompage\",\"isPartOf\":{\"@id\":\"https:\\\/\\\/www.website-design.group\\\/unternehmen\\\/#website\"},\"datePublished\":\"2023-06-22T15:49:05+00:00\",\"dateModified\":\"2023-08-04T09:40:07+00:00\",\"breadcrumb\":{\"@id\":\"https:\\\/\\\/www.website-design.group\\\/unternehmen\\\/kontakt\\\/#breadcrumb\"},\"inLanguage\":\"de\",\"potentialAction\":[{\"@type\":\"ReadAction\",\"target\":[\"https:\\\/\\\/www.website-design.group\\\/unternehmen\\\/kontakt\\\/\"]}]},{\"@type\":\"BreadcrumbList\",\"@id\":\"https:\\\/\\\/www.website-design.group\\\/unternehmen\\\/kontakt\\\/#breadcrumb\",\"itemListElement\":[{\"@type\":\"ListItem\",\"position\":1,\"name\":\"Startseite\",\"item\":\"https:\\\/\\\/www.website-design.group\\\/unternehmen\\\/\"},{\"@type\":\"ListItem\",\"position\":2,\"name\":\"Kontakt\"}]},{\"@type\":\"WebSite\",\"@id\":\"https:\\\/\\\/www.website-design.group\\\/unternehmen\\\/#website\",\"url\":\"https:\\\/\\\/www.website-design.group\\\/unternehmen\\\/\",\"name\":\"Unternehmens Hompage\",\"description\":\"Wir sind Ihr Partner um Ihre Tr\u00e4ume zu verwirklichen\",\"publisher\":{\"@id\":\"https:\\\/\\\/www.website-design.group\\\/unternehmen\\\/#organization\"},\"potentialAction\":[{\"@type\":\"SearchAction\",\"target\":{\"@type\":\"EntryPoint\",\"urlTemplate\":\"https:\\\/\\\/www.website-design.group\\\/unternehmen\\\/?s={search_term_string}\"},\"query-input\":{\"@type\":\"PropertyValueSpecification\",\"valueRequired\":true,\"valueName\":\"search_term_string\"}}],\"inLanguage\":\"de\"},{\"@type\":\"Organization\",\"@id\":\"https:\\\/\\\/www.website-design.group\\\/unternehmen\\\/#organization\",\"name\":\"Unternehmens Hompage\",\"url\":\"https:\\\/\\\/www.website-design.group\\\/unternehmen\\\/\",\"logo\":{\"@type\":\"ImageObject\",\"inLanguage\":\"de\",\"@id\":\"https:\\\/\\\/www.website-design.group\\\/unternehmen\\\/#\\\/schema\\\/logo\\\/image\\\/\",\"url\":\"https:\\\/\\\/www.website-design.group\\\/unternehmen\\\/wp-content\\\/uploads\\\/sites\\\/7\\\/2023\\\/06\\\/Logo_Bauloewe_weiss_removebg.png\",\"contentUrl\":\"https:\\\/\\\/www.website-design.group\\\/unternehmen\\\/wp-content\\\/uploads\\\/sites\\\/7\\\/2023\\\/06\\\/Logo_Bauloewe_weiss_removebg.png\",\"width\":713,\"height\":182,\"caption\":\"Unternehmens Hompage\"},\"image\":{\"@id\":\"https:\\\/\\\/www.website-design.group\\\/unternehmen\\\/#\\\/schema\\\/logo\\\/image\\\/\"}}]}<\/script>\n<!-- \/ Yoast SEO plugin. -->","yoast_head_json":{"title":"Kontakt - Unternehmens Hompage","robots":{"index":"index","follow":"follow","max-snippet":"max-snippet:-1","max-image-preview":"max-image-preview:large","max-video-preview":"max-video-preview:-1"},"canonical":"https:\/\/www.website-design.group\/unternehmen\/kontakt\/","og_locale":"de_DE","og_type":"article","og_title":"Kontakt - Unternehmens Hompage","og_description":"Kontakt B\u00fcro Wien Telefon: 01 2345 67890Adresse: Graben 1, 1010 WienEmail: infowien@ihrefirma.com\u00d6ffnugszeiten: Mo- Fr 07:30-16:30 B\u00fcro Linz Telefon: 02 2345 67890Adresse: Hauptplatz 1, 4020 LinzEmail: infolinz@ihrefirma.com\u00d6ffnugszeiten: Mo- Fr 07:30-16:30 B\u00fcro M\u00fcnchen Telefon: 01 2345 67890Adresse: Graben 1, 80150 M\u00fcnchenEmail: infomuenchen@ihrefirma.com\u00d6ffnugszeiten: Mo- Fr 07:30-16:30 Combined ShapeCreated with Sketch. Wir sind hier, um zu helfen. Lorem ipsum [&hellip;]","og_url":"https:\/\/www.website-design.group\/unternehmen\/kontakt\/","og_site_name":"Unternehmens Hompage","article_modified_time":"2023-08-04T09:40:07+00:00","twitter_card":"summary_large_image","twitter_misc":{"Gesch\u00e4tzte Lesezeit":"1\u00a0Minute"},"schema":{"@context":"https:\/\/schema.org","@graph":[{"@type":"WebPage","@id":"https:\/\/www.website-design.group\/unternehmen\/kontakt\/","url":"https:\/\/www.website-design.group\/unternehmen\/kontakt\/","name":"Kontakt - Unternehmens Hompage","isPartOf":{"@id":"https:\/\/www.website-design.group\/unternehmen\/#website"},"datePublished":"2023-06-22T15:49:05+00:00","dateModified":"2023-08-04T09:40:07+00:00","breadcrumb":{"@id":"https:\/\/www.website-design.group\/unternehmen\/kontakt\/#breadcrumb"},"inLanguage":"de","potentialAction":[{"@type":"ReadAction","target":["https:\/\/www.website-design.group\/unternehmen\/kontakt\/"]}]},{"@type":"BreadcrumbList","@id":"https:\/\/www.website-design.group\/unternehmen\/kontakt\/#breadcrumb","itemListElement":[{"@type":"ListItem","position":1,"name":"Startseite","item":"https:\/\/www.website-design.group\/unternehmen\/"},{"@type":"ListItem","position":2,"name":"Kontakt"}]},{"@type":"WebSite","@id":"https:\/\/www.website-design.group\/unternehmen\/#website","url":"https:\/\/www.website-design.group\/unternehmen\/","name":"Unternehmens Hompage","description":"Wir sind Ihr Partner um Ihre Tr\u00e4ume zu verwirklichen","publisher":{"@id":"https:\/\/www.website-design.group\/unternehmen\/#organization"},"potentialAction":[{"@type":"SearchAction","target":{"@type":"EntryPoint","urlTemplate":"https:\/\/www.website-design.group\/unternehmen\/?s={search_term_string}"},"query-input":{"@type":"PropertyValueSpecification","valueRequired":true,"valueName":"search_term_string"}}],"inLanguage":"de"},{"@type":"Organization","@id":"https:\/\/www.website-design.group\/unternehmen\/#organization","name":"Unternehmens Hompage","url":"https:\/\/www.website-design.group\/unternehmen\/","logo":{"@type":"ImageObject","inLanguage":"de","@id":"https:\/\/www.website-design.group\/unternehmen\/#\/schema\/logo\/image\/","url":"https:\/\/www.website-design.group\/unternehmen\/wp-content\/uploads\/sites\/7\/2023\/06\/Logo_Bauloewe_weiss_removebg.png","contentUrl":"https:\/\/www.website-design.group\/unternehmen\/wp-content\/uploads\/sites\/7\/2023\/06\/Logo_Bauloewe_weiss_removebg.png","width":713,"height":182,"caption":"Unternehmens Hompage"},"image":{"@id":"https:\/\/www.website-design.group\/unternehmen\/#\/schema\/logo\/image\/"}}]}},"_links":{"self":[{"href":"https:\/\/www.website-design.group\/unternehmen\/wp-json\/wp\/v2\/pages\/28","targetHints":{"allow":["GET"]}}],"collection":[{"href":"https:\/\/www.website-design.group\/unternehmen\/wp-json\/wp\/v2\/pages"}],"about":[{"href":"https:\/\/www.website-design.group\/unternehmen\/wp-json\/wp\/v2\/types\/page"}],"author":[{"embeddable":true,"href":"https:\/\/www.website-design.group\/unternehmen\/wp-json\/wp\/v2\/users\/1"}],"replies":[{"embeddable":true,"href":"https:\/\/www.website-design.group\/unternehmen\/wp-json\/wp\/v2\/comments?post=28"}],"version-history":[{"count":0,"href":"https:\/\/www.website-design.group\/unternehmen\/wp-json\/wp\/v2\/pages\/28\/revisions"}],"wp:attachment":[{"href":"https:\/\/www.website-design.group\/unternehmen\/wp-json\/wp\/v2\/media?parent=28"}],"curies":[{"name":"wp","href":"https:\/\/api.w.org\/{rel}","templated":true}]}}