{"id":48,"date":"2023-12-06T11:35:03","date_gmt":"2023-12-06T10:35:03","guid":{"rendered":"https:\/\/www.website-design.group\/rechtsberatung\/contact-us\/"},"modified":"2024-02-23T10:57:38","modified_gmt":"2024-02-23T09:57:38","slug":"kontakt","status":"publish","type":"page","link":"https:\/\/www.website-design.group\/rechtsberatung\/kontakt\/","title":{"rendered":"Kontakt"},"content":{"rendered":"\t\t<div data-elementor-type=\"wp-page\" data-elementor-id=\"48\" class=\"elementor elementor-48\" data-elementor-post-type=\"page\">\n\t\t\t\t<div class=\"has_eae_slider elementor-element elementor-element-58c779e4 e-flex e-con-boxed e-con e-parent\" data-eae-slider=\"59209\" data-id=\"58c779e4\" data-element_type=\"container\" data-e-type=\"container\">\n\t\t\t\t\t<div class=\"e-con-inner\">\n\t\t<div class=\"has_eae_slider elementor-element elementor-element-7034862b e-con-full e-flex e-con e-child\" data-eae-slider=\"95106\" data-id=\"7034862b\" data-element_type=\"container\" data-e-type=\"container\">\n\t\t\t\t<div class=\"elementor-element elementor-element-4d2b9e2b elementor-widget__width-initial elementor-absolute elementor-widget elementor-widget-spacer\" data-id=\"4d2b9e2b\" data-element_type=\"widget\" data-e-type=\"widget\" data-settings=\"{&quot;_position&quot;:&quot;absolute&quot;}\" data-widget_type=\"spacer.default\">\n\t\t\t\t<div class=\"elementor-widget-container\">\n\t\t\t\t\t\t\t<div class=\"elementor-spacer\">\n\t\t\t<div class=\"elementor-spacer-inner\"><\/div>\n\t\t<\/div>\n\t\t\t\t\t\t<\/div>\n\t\t\t\t<\/div>\n\t\t\t\t<div class=\"elementor-element elementor-element-1a9de317 elementor-invisible elementor-widget elementor-widget-heading\" data-id=\"1a9de317\" data-element_type=\"widget\" data-e-type=\"widget\" data-settings=\"{&quot;_animation&quot;:&quot;fadeInUp&quot;}\" data-widget_type=\"heading.default\">\n\t\t\t\t<div class=\"elementor-widget-container\">\n\t\t\t\t\t<h3 class=\"elementor-heading-title elementor-size-default\">Bleiben Sie in Kontakt<\/h3>\t\t\t\t<\/div>\n\t\t\t\t<\/div>\n\t\t\t\t<div class=\"elementor-element elementor-element-7c30a19b elementor-widget elementor-widget-heading\" data-id=\"7c30a19b\" data-element_type=\"widget\" data-e-type=\"widget\" data-widget_type=\"heading.default\">\n\t\t\t\t<div class=\"elementor-widget-container\">\n\t\t\t\t\t<h1 class=\"elementor-heading-title elementor-size-default\">Kontaktiere uns<\/h1>\t\t\t\t<\/div>\n\t\t\t\t<\/div>\n\t\t\t\t<div class=\"elementor-element elementor-element-27d5d622 elementor-widget elementor-widget-text-editor\" data-id=\"27d5d622\" data-element_type=\"widget\" data-e-type=\"widget\" data-widget_type=\"text-editor.default\">\n\t\t\t\t<div class=\"elementor-widget-container\">\n\t\t\t\t\t\t\t\t\t<p>Wir freuen uns von Ihnen zu h\u00f6ren und werden Sie nach kurzer Bearbeitungszeit mit Ihnen in Verbindung setzen.<\/p>\t\t\t\t\t\t\t\t<\/div>\n\t\t\t\t<\/div>\n\t\t\t\t<\/div>\n\t\t<div class=\"has_eae_slider elementor-element elementor-element-1055f7da e-con-full e-flex e-con e-child\" data-eae-slider=\"73616\" data-id=\"1055f7da\" data-element_type=\"container\" data-e-type=\"container\" data-settings=\"{&quot;background_background&quot;:&quot;classic&quot;}\">\n\t\t\t\t<\/div>\n\t\t\t\t\t<\/div>\n\t\t\t\t<\/div>\n\t\t<div class=\"has_eae_slider elementor-element elementor-element-4d79ad6a e-flex e-con-boxed e-con e-parent\" data-eae-slider=\"57208\" data-id=\"4d79ad6a\" data-element_type=\"container\" data-e-type=\"container\">\n\t\t\t\t\t<div class=\"e-con-inner\">\n\t\t<div class=\"has_eae_slider elementor-element elementor-element-207836bf e-con-full e-flex e-con e-child\" data-eae-slider=\"67054\" data-id=\"207836bf\" data-element_type=\"container\" data-e-type=\"container\">\n\t\t\t\t<div class=\"elementor-element elementor-element-56117dbe elementor-widget elementor-widget-image\" data-id=\"56117dbe\" data-element_type=\"widget\" data-e-type=\"widget\" data-widget_type=\"image.default\">\n\t\t\t\t<div class=\"elementor-widget-container\">\n\t\t\t\t\t\t\t\t\t\t\t\t\t\t\t<img fetchpriority=\"high\" decoding=\"async\" width=\"573\" height=\"562\" src=\"https:\/\/www.website-design.group\/rechtsberatung\/wp-content\/uploads\/sites\/19\/2023\/12\/About-3-Business-Consultant.jpg\" class=\"attachment-full size-full wp-image-757\" alt=\"Kontakt\" srcset=\"https:\/\/www.website-design.group\/rechtsberatung\/wp-content\/uploads\/sites\/19\/2023\/12\/About-3-Business-Consultant.jpg 573w, https:\/\/www.website-design.group\/rechtsberatung\/wp-content\/uploads\/sites\/19\/2023\/12\/About-3-Business-Consultant-300x294.jpg 300w\" sizes=\"(max-width: 573px) 100vw, 573px\" \/>\t\t\t\t\t\t\t\t\t\t\t\t\t\t\t<\/div>\n\t\t\t\t<\/div>\n\t\t\t\t<\/div>\n\t\t<div class=\"has_eae_slider elementor-element elementor-element-e8745c0 e-con-full e-flex e-con e-child\" data-eae-slider=\"84575\" data-id=\"e8745c0\" data-element_type=\"container\" data-e-type=\"container\">\n\t\t\t\t<div class=\"elementor-element elementor-element-5efc60b elementor-widget elementor-widget-heading\" data-id=\"5efc60b\" data-element_type=\"widget\" data-e-type=\"widget\" data-widget_type=\"heading.default\">\n\t\t\t\t<div class=\"elementor-widget-container\">\n\t\t\t\t\t<h2 class=\"elementor-heading-title elementor-size-default\">Wir freuen uns auf Ihre Kontaktaufnahme<\/h2>\t\t\t\t<\/div>\n\t\t\t\t<\/div>\n\t\t\t\t<div class=\"elementor-element elementor-element-69c3cf19 elementor-widget elementor-widget-text-editor\" data-id=\"69c3cf19\" data-element_type=\"widget\" data-e-type=\"widget\" data-widget_type=\"text-editor.default\">\n\t\t\t\t<div class=\"elementor-widget-container\">\n\t\t\t\t\t\t\t\t\t<p>Wenn Sie eine rechtliche Beratung ben\u00f6tigen, dann z\u00f6gern Sie nicht, uns zu kontaktieren. Ihre Interessen stehen f\u00fcr uns im Mittelpunkt und wir nehme uns Zeit, Sie individuell zu beraten. Jeder Fall ist einzigartig, deshalb entwickeln wir individuelle Strategien, angepasst an Sie. Gemeinsam setzen wir Ihr Recht in die Realit\u00e4t um. wir freuen uns, wenn Sie sich pers\u00f6nlich in unseren Kanzleir\u00e4umlichkeiten einfinden, wir gemeinsam Ihre Situation besprechen und eine L\u00f6sung erarbeiten. Unser Team freut sich auf Ihre Terminvereinbarung!<\/p>\t\t\t\t\t\t\t\t<\/div>\n\t\t\t\t<\/div>\n\t\t\t\t<\/div>\n\t\t\t\t\t<\/div>\n\t\t\t\t<\/div>\n\t\t<div class=\"has_eae_slider elementor-element elementor-element-68939c6d e-flex e-con-boxed e-con e-parent\" data-eae-slider=\"17805\" data-id=\"68939c6d\" data-element_type=\"container\" data-e-type=\"container\" data-settings=\"{&quot;background_background&quot;:&quot;classic&quot;}\">\n\t\t\t\t\t<div class=\"e-con-inner\">\n\t\t<div class=\"has_eae_slider elementor-element elementor-element-df25e66 e-con-full e-flex e-con e-child\" data-eae-slider=\"52225\" data-id=\"df25e66\" data-element_type=\"container\" data-e-type=\"container\">\n\t\t<div class=\"has_eae_slider elementor-element elementor-element-7fe0a1c6 e-con-full e-flex e-con e-child\" data-eae-slider=\"70438\" data-id=\"7fe0a1c6\" data-element_type=\"container\" data-e-type=\"container\">\n\t\t\t\t<div class=\"elementor-element elementor-element-28c6b403 elementor-widget elementor-widget-heading\" data-id=\"28c6b403\" data-element_type=\"widget\" data-e-type=\"widget\" data-widget_type=\"heading.default\">\n\t\t\t\t<div class=\"elementor-widget-container\">\n\t\t\t\t\t<h2 class=\"elementor-heading-title elementor-size-default\">Fragen Sie uns alles, jederzeit<\/h2>\t\t\t\t<\/div>\n\t\t\t\t<\/div>\n\t\t\t\t<div class=\"elementor-element elementor-element-226717fd elementor-widget elementor-widget-text-editor\" data-id=\"226717fd\" data-element_type=\"widget\" data-e-type=\"widget\" data-widget_type=\"text-editor.default\">\n\t\t\t\t<div class=\"elementor-widget-container\">\n\t\t\t\t\t\t\t\t\t<p>Wir freuen uns von Ihnen zu h\u00f6ren und werden Sie nach kurzer Bearbeitungszeit mit Ihnen in Verbindung setzen.<\/p><p>Gerne k\u00f6nnen Sie uns auch telefonisch unter +43(0)123 456 7890 direkt kontaktieren.<\/p>\t\t\t\t\t\t\t\t<\/div>\n\t\t\t\t<\/div>\n\t\t\t\t<\/div>\n\t\t\t\t<\/div>\n\t\t<div class=\"has_eae_slider elementor-element elementor-element-72332f69 e-con-full e-flex e-con e-child\" data-eae-slider=\"25328\" data-id=\"72332f69\" data-element_type=\"container\" data-e-type=\"container\">\n\t\t\t\t<div class=\"elementor-element elementor-element-eeecf56 elementor-button-align-end elementor-widget elementor-widget-form\" data-id=\"eeecf56\" data-element_type=\"widget\" data-e-type=\"widget\" data-settings=\"{&quot;step_next_label&quot;:&quot;Weiter&quot;,&quot;step_previous_label&quot;:&quot;Zur\\u00fcck&quot;,&quot;button_width&quot;:&quot;100&quot;,&quot;step_type&quot;:&quot;number_text&quot;,&quot;step_icon_shape&quot;:&quot;circle&quot;}\" data-widget_type=\"form.default\">\n\t\t\t\t<div class=\"elementor-widget-container\">\n\t\t\t\t\t\t\t<form class=\"elementor-form\" method=\"post\" name=\"Contact Form\" aria-label=\"Contact Form\">\n\t\t\t<input type=\"hidden\" name=\"post_id\" value=\"48\"\/>\n\t\t\t<input type=\"hidden\" name=\"form_id\" value=\"eeecf56\"\/>\n\t\t\t<input type=\"hidden\" name=\"referer_title\" value=\"Kontakt - Online Advocatus\" \/>\n\n\t\t\t\t\t\t\t<input type=\"hidden\" name=\"queried_id\" value=\"48\"\/>\n\t\t\t\n\t\t\t<div class=\"elementor-form-fields-wrapper elementor-labels-\">\n\t\t\t\t\t\t\t\t<div class=\"elementor-field-type-text elementor-field-group elementor-column elementor-field-group-name elementor-col-50\">\n\t\t\t\t\t\t\t\t\t\t\t\t<label for=\"form-field-name\" class=\"elementor-field-label elementor-screen-only\">\n\t\t\t\t\t\t\t\tVor- & Nachname\t\t\t\t\t\t\t<\/label>\n\t\t\t\t\t\t\t\t\t\t\t\t\t\t<input size=\"1\" type=\"text\" name=\"form_fields[name]\" id=\"form-field-name\" class=\"elementor-field elementor-size-md  elementor-field-textual\" placeholder=\"Vor- &amp; Nachname\">\n\t\t\t\t\t\t\t\t\t\t\t<\/div>\n\t\t\t\t\t\t\t\t<div class=\"elementor-field-type-email elementor-field-group elementor-column elementor-field-group-email elementor-col-50 elementor-field-required\">\n\t\t\t\t\t\t\t\t\t\t\t\t<label for=\"form-field-email\" class=\"elementor-field-label elementor-screen-only\">\n\t\t\t\t\t\t\t\tEmail\t\t\t\t\t\t\t<\/label>\n\t\t\t\t\t\t\t\t\t\t\t\t\t\t<input size=\"1\" type=\"email\" name=\"form_fields[email]\" id=\"form-field-email\" class=\"elementor-field elementor-size-md  elementor-field-textual\" placeholder=\"Email\" required=\"required\">\n\t\t\t\t\t\t\t\t\t\t\t<\/div>\n\t\t\t\t\t\t\t\t<div class=\"elementor-field-type-tel elementor-field-group elementor-column elementor-field-group-field_d4c28c7 elementor-col-50\">\n\t\t\t\t\t\t\t\t\t\t\t\t<label for=\"form-field-field_d4c28c7\" class=\"elementor-field-label elementor-screen-only\">\n\t\t\t\t\t\t\t\tTelefon\t\t\t\t\t\t\t<\/label>\n\t\t\t\t\t\t\t\t<input size=\"1\" type=\"tel\" name=\"form_fields[field_d4c28c7]\" id=\"form-field-field_d4c28c7\" class=\"elementor-field elementor-size-md  elementor-field-textual\" placeholder=\"Telefon\" pattern=\"[0-9()#&amp;+*-=.]+\" title=\"Nur Nummern oder Telefon-Zeichen (#, -, *, etc) werden akzeptiert.\">\n\n\t\t\t\t\t\t<\/div>\n\t\t\t\t\t\t\t\t<div class=\"elementor-field-type-text elementor-field-group elementor-column elementor-field-group-field_2a73769 elementor-col-50\">\n\t\t\t\t\t\t\t\t\t\t\t\t<label for=\"form-field-field_2a73769\" class=\"elementor-field-label elementor-screen-only\">\n\t\t\t\t\t\t\t\tThema\t\t\t\t\t\t\t<\/label>\n\t\t\t\t\t\t\t\t\t\t\t\t\t\t<input size=\"1\" type=\"text\" name=\"form_fields[field_2a73769]\" id=\"form-field-field_2a73769\" class=\"elementor-field elementor-size-md  elementor-field-textual\" placeholder=\"Thema\">\n\t\t\t\t\t\t\t\t\t\t\t<\/div>\n\t\t\t\t\t\t\t\t<div class=\"elementor-field-type-textarea elementor-field-group elementor-column elementor-field-group-message elementor-col-100\">\n\t\t\t\t\t\t\t\t\t\t\t\t<label for=\"form-field-message\" class=\"elementor-field-label elementor-screen-only\">\n\t\t\t\t\t\t\t\tErz\u00e4hlen Sie uns mehr zu Ihrem Fall\t\t\t\t\t\t\t<\/label>\n\t\t\t\t\t\t<textarea class=\"elementor-field-textual elementor-field  elementor-size-md\" name=\"form_fields[message]\" id=\"form-field-message\" rows=\"4\" placeholder=\"Erz\u00e4hlen Sie uns mehr zu Ihrem Fall\"><\/textarea>\t\t\t\t<\/div>\n\t\t\t\t\t\t\t\t<div class=\"elementor-field-group elementor-column elementor-field-type-submit elementor-col-100 e-form__buttons\">\n\t\t\t\t\t<button class=\"elementor-button elementor-size-md\" type=\"submit\">\n\t\t\t\t\t\t<span class=\"elementor-button-content-wrapper\">\n\t\t\t\t\t\t\t\t\t\t\t\t\t\t\t\t\t\t\t\t\t\t<span class=\"elementor-button-text\">Senden \u27f6<\/span>\n\t\t\t\t\t\t\t\t\t\t\t\t\t<\/span>\n\t\t\t\t\t<\/button>\n\t\t\t\t<\/div>\n\t\t\t<\/div>\n\t\t<\/form>\n\t\t\t\t\t\t<\/div>\n\t\t\t\t<\/div>\n\t\t\t\t<\/div>\n\t\t\t\t<div class=\"elementor-element elementor-element-42f0d00e elementor-widget elementor-widget-google_maps\" data-id=\"42f0d00e\" data-element_type=\"widget\" data-e-type=\"widget\" data-widget_type=\"google_maps.default\">\n\t\t\t\t<div class=\"elementor-widget-container\">\n\t\t\t\t\t\t\t<div class=\"elementor-custom-embed\">\n\t\t\t<iframe loading=\"lazy\"\n\t\t\t\t\tsrc=\"https:\/\/maps.google.com\/maps?q=Hauptplatz1%2C4020%20Linz%2C%20%C3%96sterreich&#038;t=m&#038;z=10&#038;output=embed&#038;iwloc=near\"\n\t\t\t\t\ttitle=\"Hauptplatz1,4020 Linz, \u00d6sterreich\"\n\t\t\t\t\taria-label=\"Hauptplatz1,4020 Linz, \u00d6sterreich\"\n\t\t\t><\/iframe>\n\t\t<\/div>\n\t\t\t\t\t\t<\/div>\n\t\t\t\t<\/div>\n\t\t\t\t\t<\/div>\n\t\t\t\t<\/div>\n\t\t\t\t<\/div>\n\t\t","protected":false},"excerpt":{"rendered":"<p>Bleiben Sie in Kontakt Kontaktiere uns Wir freuen uns von Ihnen zu h\u00f6ren und werden Sie nach kurzer Bearbeitungszeit mit Ihnen in Verbindung setzen. Wir freuen uns auf Ihre Kontaktaufnahme Wenn Sie eine rechtliche Beratung ben\u00f6tigen, dann z\u00f6gern Sie nicht, uns zu kontaktieren. Ihre Interessen stehen f\u00fcr uns im Mittelpunkt und wir nehme uns Zeit, [&hellip;]<\/p>\n","protected":false},"author":1,"featured_media":0,"parent":0,"menu_order":0,"comment_status":"closed","ping_status":"closed","template":"elementor_header_footer","meta":{"footnotes":""},"class_list":["post-48","page","type-page","status-publish","hentry","entry"],"yoast_head":"<!-- This site is optimized with the Yoast SEO plugin v27.5 - https:\/\/yoast.com\/product\/yoast-seo-wordpress\/ -->\n<title>Kontakt - Online Advocatus<\/title>\n<meta name=\"description\" content=\"Rechtsanwaltskanzlei - Mag. Florian Steinwendtner. Wiener Str 9\/5. 3040 Neulengbach. \u00d6sterreich. +43 2772 513380 \u00b7 office@ra-steinwendtner.eu\" \/>\n<meta name=\"robots\" content=\"noindex, follow, max-snippet:-1, max-image-preview:large, max-video-preview:-1\" \/>\n<meta property=\"og:locale\" content=\"de_DE\" \/>\n<meta property=\"og:type\" content=\"article\" \/>\n<meta property=\"og:title\" content=\"Kontakt - Online Advocatus\" \/>\n<meta property=\"og:description\" content=\"Rechtsanwaltskanzlei - Mag. Florian Steinwendtner. Wiener Str 9\/5. 3040 Neulengbach. \u00d6sterreich. +43 2772 513380 \u00b7 office@ra-steinwendtner.eu\" \/>\n<meta property=\"og:url\" content=\"https:\/\/www.website-design.group\/rechtsberatung\/kontakt\/\" \/>\n<meta property=\"og:site_name\" content=\"Online Advocatus\" \/>\n<meta property=\"article:modified_time\" content=\"2024-02-23T09:57:38+00:00\" \/>\n<meta property=\"og:image\" content=\"https:\/\/www.website-design.group\/rechtsberatung\/wp-content\/uploads\/sites\/19\/2023\/12\/About-3-Business-Consultant.jpg\" \/>\n<meta name=\"twitter:card\" content=\"summary_large_image\" \/>\n<meta name=\"twitter:label1\" content=\"Gesch\u00e4tzte Lesezeit\" \/>\n\t<meta name=\"twitter:data1\" content=\"2\u00a0Minuten\" \/>\n<script type=\"application\/ld+json\" class=\"yoast-schema-graph\">{\"@context\":\"https:\\\/\\\/schema.org\",\"@graph\":[{\"@type\":\"WebPage\",\"@id\":\"https:\\\/\\\/www.website-design.group\\\/rechtsberatung\\\/kontakt\\\/\",\"url\":\"https:\\\/\\\/www.website-design.group\\\/rechtsberatung\\\/kontakt\\\/\",\"name\":\"Kontakt - Online Advocatus\",\"isPartOf\":{\"@id\":\"https:\\\/\\\/www.website-design.group\\\/rechtsberatung\\\/#website\"},\"primaryImageOfPage\":{\"@id\":\"https:\\\/\\\/www.website-design.group\\\/rechtsberatung\\\/kontakt\\\/#primaryimage\"},\"image\":{\"@id\":\"https:\\\/\\\/www.website-design.group\\\/rechtsberatung\\\/kontakt\\\/#primaryimage\"},\"thumbnailUrl\":\"https:\\\/\\\/www.website-design.group\\\/rechtsberatung\\\/wp-content\\\/uploads\\\/sites\\\/19\\\/2023\\\/12\\\/About-3-Business-Consultant.jpg\",\"datePublished\":\"2023-12-06T10:35:03+00:00\",\"dateModified\":\"2024-02-23T09:57:38+00:00\",\"description\":\"Rechtsanwaltskanzlei - Mag. Florian Steinwendtner. Wiener Str 9\\\/5. 3040 Neulengbach. \u00d6sterreich. +43 2772 513380 \u00b7 office@ra-steinwendtner.eu\",\"breadcrumb\":{\"@id\":\"https:\\\/\\\/www.website-design.group\\\/rechtsberatung\\\/kontakt\\\/#breadcrumb\"},\"inLanguage\":\"de\",\"potentialAction\":[{\"@type\":\"ReadAction\",\"target\":[\"https:\\\/\\\/www.website-design.group\\\/rechtsberatung\\\/kontakt\\\/\"]}]},{\"@type\":\"ImageObject\",\"inLanguage\":\"de\",\"@id\":\"https:\\\/\\\/www.website-design.group\\\/rechtsberatung\\\/kontakt\\\/#primaryimage\",\"url\":\"https:\\\/\\\/www.website-design.group\\\/rechtsberatung\\\/wp-content\\\/uploads\\\/sites\\\/19\\\/2023\\\/12\\\/About-3-Business-Consultant.jpg\",\"contentUrl\":\"https:\\\/\\\/www.website-design.group\\\/rechtsberatung\\\/wp-content\\\/uploads\\\/sites\\\/19\\\/2023\\\/12\\\/About-3-Business-Consultant.jpg\",\"width\":573,\"height\":562,\"caption\":\"Kontakt\"},{\"@type\":\"BreadcrumbList\",\"@id\":\"https:\\\/\\\/www.website-design.group\\\/rechtsberatung\\\/kontakt\\\/#breadcrumb\",\"itemListElement\":[{\"@type\":\"ListItem\",\"position\":1,\"name\":\"Startseite\",\"item\":\"https:\\\/\\\/www.website-design.group\\\/rechtsberatung\\\/\"},{\"@type\":\"ListItem\",\"position\":2,\"name\":\"Kontakt\"}]},{\"@type\":\"WebSite\",\"@id\":\"https:\\\/\\\/www.website-design.group\\\/rechtsberatung\\\/#website\",\"url\":\"https:\\\/\\\/www.website-design.group\\\/rechtsberatung\\\/\",\"name\":\"Online Advocatus\",\"description\":\"Ich begr\u00fc\u00dfe Sie in meiner Online-Kanzlei. In meiner Kanzlei stehen Ihre Anliegen im Mittelpunkt meines Interesses.\",\"publisher\":{\"@id\":\"https:\\\/\\\/www.website-design.group\\\/rechtsberatung\\\/#organization\"},\"potentialAction\":[{\"@type\":\"SearchAction\",\"target\":{\"@type\":\"EntryPoint\",\"urlTemplate\":\"https:\\\/\\\/www.website-design.group\\\/rechtsberatung\\\/?s={search_term_string}\"},\"query-input\":{\"@type\":\"PropertyValueSpecification\",\"valueRequired\":true,\"valueName\":\"search_term_string\"}}],\"inLanguage\":\"de\"},{\"@type\":\"Organization\",\"@id\":\"https:\\\/\\\/www.website-design.group\\\/rechtsberatung\\\/#organization\",\"name\":\"Online Advocatus\",\"url\":\"https:\\\/\\\/www.website-design.group\\\/rechtsberatung\\\/\",\"logo\":{\"@type\":\"ImageObject\",\"inLanguage\":\"de\",\"@id\":\"https:\\\/\\\/www.website-design.group\\\/rechtsberatung\\\/#\\\/schema\\\/logo\\\/image\\\/\",\"url\":\"https:\\\/\\\/www.website-design.group\\\/rechtsberatung\\\/wp-content\\\/uploads\\\/sites\\\/19\\\/2023\\\/12\\\/Advocatus01gold.webp\",\"contentUrl\":\"https:\\\/\\\/www.website-design.group\\\/rechtsberatung\\\/wp-content\\\/uploads\\\/sites\\\/19\\\/2023\\\/12\\\/Advocatus01gold.webp\",\"width\":683,\"height\":127,\"caption\":\"Online Advocatus \"},\"image\":{\"@id\":\"https:\\\/\\\/www.website-design.group\\\/rechtsberatung\\\/#\\\/schema\\\/logo\\\/image\\\/\"}}]}<\/script>\n<!-- \/ Yoast SEO plugin. -->","yoast_head_json":{"title":"Kontakt - Online Advocatus","description":"Rechtsanwaltskanzlei - Mag. Florian Steinwendtner. Wiener Str 9\/5. 3040 Neulengbach. \u00d6sterreich. +43 2772 513380 \u00b7 office@ra-steinwendtner.eu","robots":{"index":"noindex","follow":"follow","max-snippet":"max-snippet:-1","max-image-preview":"max-image-preview:large","max-video-preview":"max-video-preview:-1"},"og_locale":"de_DE","og_type":"article","og_title":"Kontakt - Online Advocatus","og_description":"Rechtsanwaltskanzlei - Mag. Florian Steinwendtner. Wiener Str 9\/5. 3040 Neulengbach. \u00d6sterreich. +43 2772 513380 \u00b7 office@ra-steinwendtner.eu","og_url":"https:\/\/www.website-design.group\/rechtsberatung\/kontakt\/","og_site_name":"Online Advocatus","article_modified_time":"2024-02-23T09:57:38+00:00","og_image":[{"url":"https:\/\/www.website-design.group\/rechtsberatung\/wp-content\/uploads\/sites\/19\/2023\/12\/About-3-Business-Consultant.jpg","type":"","width":"","height":""}],"twitter_card":"summary_large_image","twitter_misc":{"Gesch\u00e4tzte Lesezeit":"2\u00a0Minuten"},"schema":{"@context":"https:\/\/schema.org","@graph":[{"@type":"WebPage","@id":"https:\/\/www.website-design.group\/rechtsberatung\/kontakt\/","url":"https:\/\/www.website-design.group\/rechtsberatung\/kontakt\/","name":"Kontakt - Online Advocatus","isPartOf":{"@id":"https:\/\/www.website-design.group\/rechtsberatung\/#website"},"primaryImageOfPage":{"@id":"https:\/\/www.website-design.group\/rechtsberatung\/kontakt\/#primaryimage"},"image":{"@id":"https:\/\/www.website-design.group\/rechtsberatung\/kontakt\/#primaryimage"},"thumbnailUrl":"https:\/\/www.website-design.group\/rechtsberatung\/wp-content\/uploads\/sites\/19\/2023\/12\/About-3-Business-Consultant.jpg","datePublished":"2023-12-06T10:35:03+00:00","dateModified":"2024-02-23T09:57:38+00:00","description":"Rechtsanwaltskanzlei - Mag. Florian Steinwendtner. Wiener Str 9\/5. 3040 Neulengbach. \u00d6sterreich. +43 2772 513380 \u00b7 office@ra-steinwendtner.eu","breadcrumb":{"@id":"https:\/\/www.website-design.group\/rechtsberatung\/kontakt\/#breadcrumb"},"inLanguage":"de","potentialAction":[{"@type":"ReadAction","target":["https:\/\/www.website-design.group\/rechtsberatung\/kontakt\/"]}]},{"@type":"ImageObject","inLanguage":"de","@id":"https:\/\/www.website-design.group\/rechtsberatung\/kontakt\/#primaryimage","url":"https:\/\/www.website-design.group\/rechtsberatung\/wp-content\/uploads\/sites\/19\/2023\/12\/About-3-Business-Consultant.jpg","contentUrl":"https:\/\/www.website-design.group\/rechtsberatung\/wp-content\/uploads\/sites\/19\/2023\/12\/About-3-Business-Consultant.jpg","width":573,"height":562,"caption":"Kontakt"},{"@type":"BreadcrumbList","@id":"https:\/\/www.website-design.group\/rechtsberatung\/kontakt\/#breadcrumb","itemListElement":[{"@type":"ListItem","position":1,"name":"Startseite","item":"https:\/\/www.website-design.group\/rechtsberatung\/"},{"@type":"ListItem","position":2,"name":"Kontakt"}]},{"@type":"WebSite","@id":"https:\/\/www.website-design.group\/rechtsberatung\/#website","url":"https:\/\/www.website-design.group\/rechtsberatung\/","name":"Online Advocatus","description":"Ich begr\u00fc\u00dfe Sie in meiner Online-Kanzlei. In meiner Kanzlei stehen Ihre Anliegen im Mittelpunkt meines Interesses.","publisher":{"@id":"https:\/\/www.website-design.group\/rechtsberatung\/#organization"},"potentialAction":[{"@type":"SearchAction","target":{"@type":"EntryPoint","urlTemplate":"https:\/\/www.website-design.group\/rechtsberatung\/?s={search_term_string}"},"query-input":{"@type":"PropertyValueSpecification","valueRequired":true,"valueName":"search_term_string"}}],"inLanguage":"de"},{"@type":"Organization","@id":"https:\/\/www.website-design.group\/rechtsberatung\/#organization","name":"Online Advocatus","url":"https:\/\/www.website-design.group\/rechtsberatung\/","logo":{"@type":"ImageObject","inLanguage":"de","@id":"https:\/\/www.website-design.group\/rechtsberatung\/#\/schema\/logo\/image\/","url":"https:\/\/www.website-design.group\/rechtsberatung\/wp-content\/uploads\/sites\/19\/2023\/12\/Advocatus01gold.webp","contentUrl":"https:\/\/www.website-design.group\/rechtsberatung\/wp-content\/uploads\/sites\/19\/2023\/12\/Advocatus01gold.webp","width":683,"height":127,"caption":"Online Advocatus "},"image":{"@id":"https:\/\/www.website-design.group\/rechtsberatung\/#\/schema\/logo\/image\/"}}]}},"_links":{"self":[{"href":"https:\/\/www.website-design.group\/rechtsberatung\/wp-json\/wp\/v2\/pages\/48","targetHints":{"allow":["GET"]}}],"collection":[{"href":"https:\/\/www.website-design.group\/rechtsberatung\/wp-json\/wp\/v2\/pages"}],"about":[{"href":"https:\/\/www.website-design.group\/rechtsberatung\/wp-json\/wp\/v2\/types\/page"}],"author":[{"embeddable":true,"href":"https:\/\/www.website-design.group\/rechtsberatung\/wp-json\/wp\/v2\/users\/1"}],"replies":[{"embeddable":true,"href":"https:\/\/www.website-design.group\/rechtsberatung\/wp-json\/wp\/v2\/comments?post=48"}],"version-history":[{"count":0,"href":"https:\/\/www.website-design.group\/rechtsberatung\/wp-json\/wp\/v2\/pages\/48\/revisions"}],"wp:attachment":[{"href":"https:\/\/www.website-design.group\/rechtsberatung\/wp-json\/wp\/v2\/media?parent=48"}],"curies":[{"name":"wp","href":"https:\/\/api.w.org\/{rel}","templated":true}]}}