{"id":75,"date":"2023-06-27T08:32:18","date_gmt":"2023-06-27T06:32:18","guid":{"rendered":"https:\/\/www.website-design.group\/ecommerce\/contact\/"},"modified":"2023-07-21T19:13:49","modified_gmt":"2023-07-21T17:13:49","slug":"kontakt","status":"publish","type":"page","link":"https:\/\/www.website-design.group\/ecommerce\/kontakt\/","title":{"rendered":"Kontakt"},"content":{"rendered":"\t\t<div data-elementor-type=\"wp-page\" data-elementor-id=\"75\" class=\"elementor elementor-75\" data-elementor-post-type=\"page\">\n\t\t\t\t\t\t<section class=\"elementor-section elementor-top-section elementor-element elementor-element-28249d65 elementor-section-items-stretch elementor-section-content-middle elementor-section-height-min-height elementor-section-boxed elementor-section-height-default\" data-id=\"28249d65\" data-element_type=\"section\" data-e-type=\"section\" data-settings=\"{&quot;background_background&quot;:&quot;classic&quot;}\">\n\t\t\t\t\t\t<div class=\"elementor-container elementor-column-gap-no\">\n\t\t\t\t\t<div class=\"elementor-column elementor-col-33 elementor-top-column elementor-element elementor-element-6e90af35\" data-id=\"6e90af35\" data-element_type=\"column\" data-e-type=\"column\" data-settings=\"{&quot;background_background&quot;:&quot;classic&quot;}\">\n\t\t\t<div class=\"elementor-widget-wrap elementor-element-populated\">\n\t\t\t\t\t<div class=\"elementor-background-overlay\"><\/div>\n\t\t\t\t\t\t<div class=\"elementor-element elementor-element-66c1adc0 elementor-widget-tablet__width-inherit elementor-widget elementor-widget-icon-box\" data-id=\"66c1adc0\" data-element_type=\"widget\" data-e-type=\"widget\" data-widget_type=\"icon-box.default\">\n\t\t\t\t<div class=\"elementor-widget-container\">\n\t\t\t\t\t\t\t<div class=\"elementor-icon-box-wrapper\">\n\n\t\t\t\n\t\t\t\t\t\t<div class=\"elementor-icon-box-content\">\n\n\t\t\t\t\t\t\t\t\t<p class=\"elementor-icon-box-title\">\n\t\t\t\t\t\t<span  >\n\t\t\t\t\t\t\tAdresse\t\t\t\t\t\t<\/span>\n\t\t\t\t\t<\/p>\n\t\t\t\t\n\t\t\t\t\t\t\t\t\t<p class=\"elementor-icon-box-description\">\n\t\t\t\t\t\tShopstrasse 1001<br>4020 Linz, \u00d6sterreich\t\t\t\t\t<\/p>\n\t\t\t\t\n\t\t\t<\/div>\n\t\t\t\n\t\t<\/div>\n\t\t\t\t\t\t<\/div>\n\t\t\t\t<\/div>\n\t\t\t\t\t<\/div>\n\t\t<\/div>\n\t\t\t\t<div class=\"elementor-column elementor-col-33 elementor-top-column elementor-element elementor-element-3e31c377\" data-id=\"3e31c377\" data-element_type=\"column\" data-e-type=\"column\" data-settings=\"{&quot;background_background&quot;:&quot;classic&quot;}\">\n\t\t\t<div class=\"elementor-widget-wrap elementor-element-populated\">\n\t\t\t\t\t<div class=\"elementor-background-overlay\"><\/div>\n\t\t\t\t\t\t<div class=\"elementor-element elementor-element-60f52061 elementor-widget__width-auto elementor-widget-tablet__width-inherit elementor-widget elementor-widget-icon-box\" data-id=\"60f52061\" data-element_type=\"widget\" data-e-type=\"widget\" data-widget_type=\"icon-box.default\">\n\t\t\t\t<div class=\"elementor-widget-container\">\n\t\t\t\t\t\t\t<div class=\"elementor-icon-box-wrapper\">\n\n\t\t\t\n\t\t\t\t\t\t<div class=\"elementor-icon-box-content\">\n\n\t\t\t\t\t\t\t\t\t<p class=\"elementor-icon-box-title\">\n\t\t\t\t\t\t<span  >\n\t\t\t\t\t\t\tKUNDENSERVICE\t\t\t\t\t\t<\/span>\n\t\t\t\t\t<\/p>\n\t\t\t\t\n\t\t\t\t\t\t\t\t\t<p class=\"elementor-icon-box-description\">\n\t\t\t\t\t\tinfo@yourbusiness.com\n<br>+431234567890\t\t\t\t\t<\/p>\n\t\t\t\t\n\t\t\t<\/div>\n\t\t\t\n\t\t<\/div>\n\t\t\t\t\t\t<\/div>\n\t\t\t\t<\/div>\n\t\t\t\t\t<\/div>\n\t\t<\/div>\n\t\t\t\t<div class=\"elementor-column elementor-col-33 elementor-top-column elementor-element elementor-element-65c2e8ac\" data-id=\"65c2e8ac\" data-element_type=\"column\" data-e-type=\"column\" data-settings=\"{&quot;background_background&quot;:&quot;classic&quot;}\">\n\t\t\t<div class=\"elementor-widget-wrap elementor-element-populated\">\n\t\t\t\t\t<div class=\"elementor-background-overlay\"><\/div>\n\t\t\t\t\t\t<div class=\"elementor-element elementor-element-43598de5 elementor-widget__width-auto elementor-widget-tablet__width-inherit elementor-widget elementor-widget-icon-box\" data-id=\"43598de5\" data-element_type=\"widget\" data-e-type=\"widget\" data-widget_type=\"icon-box.default\">\n\t\t\t\t<div class=\"elementor-widget-container\">\n\t\t\t\t\t\t\t<div class=\"elementor-icon-box-wrapper\">\n\n\t\t\t\n\t\t\t\t\t\t<div class=\"elementor-icon-box-content\">\n\n\t\t\t\t\t\t\t\t\t<p class=\"elementor-icon-box-title\">\n\t\t\t\t\t\t<span  >\n\t\t\t\t\t\t\t\u00d6ffnungszeiten\t\t\t\t\t\t<\/span>\n\t\t\t\t\t<\/p>\n\t\t\t\t\n\t\t\t\t\t\t\t\t\t<p class=\"elementor-icon-box-description\">\n\t\t\t\t\t\tMo\u2013 Fr 09:00\u201316:00\n<br>\nSa-So 12:00-18:00\t\t\t\t\t<\/p>\n\t\t\t\t\n\t\t\t<\/div>\n\t\t\t\n\t\t<\/div>\n\t\t\t\t\t\t<\/div>\n\t\t\t\t<\/div>\n\t\t\t\t\t<\/div>\n\t\t<\/div>\n\t\t\t\t\t<\/div>\n\t\t<\/section>\n\t\t\t\t<section class=\"elementor-section elementor-top-section elementor-element elementor-element-67743b7a elementor-section-items-stretch elementor-section-content-middle elementor-section-height-min-height elementor-section-boxed elementor-section-height-default\" data-id=\"67743b7a\" data-element_type=\"section\" data-e-type=\"section\" data-settings=\"{&quot;background_background&quot;:&quot;classic&quot;}\">\n\t\t\t\t\t\t<div class=\"elementor-container elementor-column-gap-no\">\n\t\t\t\t\t<div class=\"elementor-column elementor-col-100 elementor-top-column elementor-element elementor-element-7bd6d551\" data-id=\"7bd6d551\" data-element_type=\"column\" data-e-type=\"column\" data-settings=\"{&quot;background_background&quot;:&quot;classic&quot;}\">\n\t\t\t<div class=\"elementor-widget-wrap elementor-element-populated\">\n\t\t\t\t\t<div class=\"elementor-background-overlay\"><\/div>\n\t\t\t\t\t\t<div class=\"elementor-element elementor-element-4b1c443 elementor-widget elementor-widget-heading\" data-id=\"4b1c443\" data-element_type=\"widget\" data-e-type=\"widget\" data-widget_type=\"heading.default\">\n\t\t\t\t<div class=\"elementor-widget-container\">\n\t\t\t\t\t<h1 class=\"elementor-heading-title elementor-size-default\">Wir w\u00fcrden uns sehr dar\u00fcber freuen, von Ihnen zu h\u00f6ren<\/h1>\t\t\t\t<\/div>\n\t\t\t\t<\/div>\n\t\t\t\t<div class=\"elementor-element elementor-element-33d2e827 elementor-widget elementor-widget-text-editor\" data-id=\"33d2e827\" data-element_type=\"widget\" data-e-type=\"widget\" data-widget_type=\"text-editor.default\">\n\t\t\t\t<div class=\"elementor-widget-container\">\n\t\t\t\t\t\t\t\t\t<p>F\u00fcr Anfragen zu unseren Produkten und Dienstleistungen k\u00f6nnen Sie uns auch kontaktieren, indem Sie das folgende Formular ausf\u00fcllen.<\/p>\t\t\t\t\t\t\t\t<\/div>\n\t\t\t\t<\/div>\n\t\t\t\t<div class=\"elementor-element elementor-element-6b455324 elementor-button-align-start elementor-tablet-button-align-start elementor-mobile-button-align-start elementor-widget elementor-widget-form\" data-id=\"6b455324\" data-element_type=\"widget\" data-e-type=\"widget\" data-settings=\"{&quot;step_next_label&quot;:&quot;Weiter&quot;,&quot;step_previous_label&quot;:&quot;Zur\\u00fcck&quot;,&quot;button_width&quot;:&quot;100&quot;,&quot;step_type&quot;:&quot;number_text&quot;,&quot;step_icon_shape&quot;:&quot;circle&quot;}\" data-widget_type=\"form.default\">\n\t\t\t\t<div class=\"elementor-widget-container\">\n\t\t\t\t\t\t\t<form class=\"elementor-form\" method=\"post\" name=\"Contact Form\" aria-label=\"Contact Form\">\n\t\t\t<input type=\"hidden\" name=\"post_id\" value=\"75\"\/>\n\t\t\t<input type=\"hidden\" name=\"form_id\" value=\"6b455324\"\/>\n\t\t\t<input type=\"hidden\" name=\"referer_title\" value=\"Kontakt - Online-Shop\" \/>\n\n\t\t\t\t\t\t\t<input type=\"hidden\" name=\"queried_id\" value=\"75\"\/>\n\t\t\t\n\t\t\t<div class=\"elementor-form-fields-wrapper elementor-labels-\">\n\t\t\t\t\t\t\t\t<div class=\"elementor-field-type-text elementor-field-group elementor-column elementor-field-group-name elementor-col-50\">\n\t\t\t\t\t\t\t\t\t\t\t\t<label for=\"form-field-name\" class=\"elementor-field-label elementor-screen-only\">\n\t\t\t\t\t\t\t\tName\t\t\t\t\t\t\t<\/label>\n\t\t\t\t\t\t\t\t\t\t\t\t\t\t<input size=\"1\" type=\"text\" name=\"form_fields[name]\" id=\"form-field-name\" class=\"elementor-field elementor-size-sm  elementor-field-textual\" placeholder=\"Name\">\n\t\t\t\t\t\t\t\t\t\t\t<\/div>\n\t\t\t\t\t\t\t\t<div class=\"elementor-field-type-email elementor-field-group elementor-column elementor-field-group-email elementor-col-50 elementor-field-required\">\n\t\t\t\t\t\t\t\t\t\t\t\t<label for=\"form-field-email\" class=\"elementor-field-label elementor-screen-only\">\n\t\t\t\t\t\t\t\tEmail\t\t\t\t\t\t\t<\/label>\n\t\t\t\t\t\t\t\t\t\t\t\t\t\t<input size=\"1\" type=\"email\" name=\"form_fields[email]\" id=\"form-field-email\" class=\"elementor-field elementor-size-sm  elementor-field-textual\" placeholder=\"Email\" required=\"required\">\n\t\t\t\t\t\t\t\t\t\t\t<\/div>\n\t\t\t\t\t\t\t\t<div class=\"elementor-field-type-text elementor-field-group elementor-column elementor-field-group-field_6162686 elementor-col-100\">\n\t\t\t\t\t\t\t\t\t\t\t\t<label for=\"form-field-field_6162686\" class=\"elementor-field-label elementor-screen-only\">\n\t\t\t\t\t\t\t\tThema\t\t\t\t\t\t\t<\/label>\n\t\t\t\t\t\t\t\t\t\t\t\t\t\t<input size=\"1\" type=\"text\" name=\"form_fields[field_6162686]\" id=\"form-field-field_6162686\" class=\"elementor-field elementor-size-sm  elementor-field-textual\" placeholder=\"Thema\">\n\t\t\t\t\t\t\t\t\t\t\t<\/div>\n\t\t\t\t\t\t\t\t<div class=\"elementor-field-type-textarea elementor-field-group elementor-column elementor-field-group-message elementor-col-100\">\n\t\t\t\t\t\t\t\t\t\t\t\t<label for=\"form-field-message\" class=\"elementor-field-label elementor-screen-only\">\n\t\t\t\t\t\t\t\tNachricht\t\t\t\t\t\t\t<\/label>\n\t\t\t\t\t\t<textarea class=\"elementor-field-textual elementor-field  elementor-size-sm\" name=\"form_fields[message]\" id=\"form-field-message\" rows=\"4\" placeholder=\"Ihre Nachricht\"><\/textarea>\t\t\t\t<\/div>\n\t\t\t\t\t\t\t\t<div class=\"elementor-field-group elementor-column elementor-field-type-submit elementor-col-100 e-form__buttons\">\n\t\t\t\t\t<button class=\"elementor-button elementor-size-sm\" type=\"submit\">\n\t\t\t\t\t\t<span class=\"elementor-button-content-wrapper\">\n\t\t\t\t\t\t\t\t\t\t\t\t\t\t\t\t\t\t\t\t\t\t<span class=\"elementor-button-text\">Senden \u27f6<\/span>\n\t\t\t\t\t\t\t\t\t\t\t\t\t<\/span>\n\t\t\t\t\t<\/button>\n\t\t\t\t<\/div>\n\t\t\t<\/div>\n\t\t<\/form>\n\t\t\t\t\t\t<\/div>\n\t\t\t\t<\/div>\n\t\t\t\t\t<\/div>\n\t\t<\/div>\n\t\t\t\t\t<\/div>\n\t\t<\/section>\n\t\t\t\t<\/div>\n\t\t","protected":false},"excerpt":{"rendered":"<p>Adresse Shopstrasse 10014020 Linz, \u00d6sterreich KUNDENSERVICE info@yourbusiness.com +431234567890 \u00d6ffnungszeiten Mo\u2013 Fr 09:00\u201316:00 Sa-So 12:00-18:00 Wir w\u00fcrden uns sehr dar\u00fcber freuen, von Ihnen zu h\u00f6ren F\u00fcr Anfragen zu unseren Produkten und Dienstleistungen k\u00f6nnen Sie uns auch kontaktieren, indem Sie das folgende Formular ausf\u00fcllen.<\/p>\n","protected":false},"author":1,"featured_media":79,"parent":0,"menu_order":0,"comment_status":"closed","ping_status":"closed","template":"elementor_header_footer","meta":{"footnotes":""},"class_list":["post-75","page","type-page","status-publish","has-post-thumbnail","hentry","entry","has-media","owp-thumbs-layout-horizontal","owp-btn-normal","owp-tabs-layout-horizontal","has-no-thumbnails","has-product-nav"],"yoast_head":"<!-- This site is optimized with the Yoast SEO plugin v27.6 - https:\/\/yoast.com\/product\/yoast-seo-wordpress\/ -->\n<title>Kontakt - Online-Shop<\/title>\n<meta name=\"robots\" content=\"index, follow, max-snippet:-1, max-image-preview:large, max-video-preview:-1\" \/>\n<link rel=\"canonical\" href=\"https:\/\/www.website-design.group\/ecommerce\/kontakt\/\" \/>\n<meta property=\"og:locale\" content=\"de_DE\" \/>\n<meta property=\"og:type\" content=\"article\" \/>\n<meta property=\"og:title\" content=\"Kontakt - Online-Shop\" \/>\n<meta property=\"og:description\" content=\"Adresse Shopstrasse 10014020 Linz, \u00d6sterreich KUNDENSERVICE info@yourbusiness.com +431234567890 \u00d6ffnungszeiten Mo\u2013 Fr 09:00\u201316:00 Sa-So 12:00-18:00 Wir w\u00fcrden uns sehr dar\u00fcber freuen, von Ihnen zu h\u00f6ren F\u00fcr Anfragen zu unseren Produkten und Dienstleistungen k\u00f6nnen Sie uns auch kontaktieren, indem Sie das folgende Formular ausf\u00fcllen.\" \/>\n<meta property=\"og:url\" content=\"https:\/\/www.website-design.group\/ecommerce\/kontakt\/\" \/>\n<meta property=\"og:site_name\" content=\"Online-Shop\" \/>\n<meta property=\"article:modified_time\" content=\"2023-07-21T17:13:49+00:00\" \/>\n<meta property=\"og:image\" content=\"https:\/\/www.website-design.group\/ecommerce\/wp-content\/uploads\/sites\/11\/2023\/06\/Contact.jpg\" \/>\n\t<meta property=\"og:image:width\" content=\"400\" \/>\n\t<meta property=\"og:image:height\" content=\"380\" \/>\n\t<meta property=\"og:image:type\" content=\"image\/jpeg\" \/>\n<meta name=\"twitter:card\" content=\"summary_large_image\" \/>\n<meta name=\"twitter:label1\" content=\"Gesch\u00e4tzte Lesezeit\" \/>\n\t<meta name=\"twitter:data1\" content=\"1\u00a0Minute\" \/>\n<script type=\"application\/ld+json\" class=\"yoast-schema-graph\">{\"@context\":\"https:\\\/\\\/schema.org\",\"@graph\":[{\"@type\":\"WebPage\",\"@id\":\"https:\\\/\\\/www.website-design.group\\\/ecommerce\\\/kontakt\\\/\",\"url\":\"https:\\\/\\\/www.website-design.group\\\/ecommerce\\\/kontakt\\\/\",\"name\":\"Kontakt - Online-Shop\",\"isPartOf\":{\"@id\":\"https:\\\/\\\/www.website-design.group\\\/ecommerce\\\/#website\"},\"primaryImageOfPage\":{\"@id\":\"https:\\\/\\\/www.website-design.group\\\/ecommerce\\\/kontakt\\\/#primaryimage\"},\"image\":{\"@id\":\"https:\\\/\\\/www.website-design.group\\\/ecommerce\\\/kontakt\\\/#primaryimage\"},\"thumbnailUrl\":\"https:\\\/\\\/www.website-design.group\\\/ecommerce\\\/wp-content\\\/uploads\\\/sites\\\/11\\\/2023\\\/06\\\/Contact.jpg\",\"datePublished\":\"2023-06-27T06:32:18+00:00\",\"dateModified\":\"2023-07-21T17:13:49+00:00\",\"breadcrumb\":{\"@id\":\"https:\\\/\\\/www.website-design.group\\\/ecommerce\\\/kontakt\\\/#breadcrumb\"},\"inLanguage\":\"de\",\"potentialAction\":[{\"@type\":\"ReadAction\",\"target\":[\"https:\\\/\\\/www.website-design.group\\\/ecommerce\\\/kontakt\\\/\"]}]},{\"@type\":\"ImageObject\",\"inLanguage\":\"de\",\"@id\":\"https:\\\/\\\/www.website-design.group\\\/ecommerce\\\/kontakt\\\/#primaryimage\",\"url\":\"https:\\\/\\\/www.website-design.group\\\/ecommerce\\\/wp-content\\\/uploads\\\/sites\\\/11\\\/2023\\\/06\\\/Contact.jpg\",\"contentUrl\":\"https:\\\/\\\/www.website-design.group\\\/ecommerce\\\/wp-content\\\/uploads\\\/sites\\\/11\\\/2023\\\/06\\\/Contact.jpg\",\"width\":400,\"height\":380},{\"@type\":\"BreadcrumbList\",\"@id\":\"https:\\\/\\\/www.website-design.group\\\/ecommerce\\\/kontakt\\\/#breadcrumb\",\"itemListElement\":[{\"@type\":\"ListItem\",\"position\":1,\"name\":\"Startseite\",\"item\":\"https:\\\/\\\/www.website-design.group\\\/ecommerce\\\/\"},{\"@type\":\"ListItem\",\"position\":2,\"name\":\"Kontakt\"}]},{\"@type\":\"WebSite\",\"@id\":\"https:\\\/\\\/www.website-design.group\\\/ecommerce\\\/#website\",\"url\":\"https:\\\/\\\/www.website-design.group\\\/ecommerce\\\/\",\"name\":\"Online-Shop\",\"description\":\"Keramik Manufaktur Made in Austria\",\"publisher\":{\"@id\":\"https:\\\/\\\/www.website-design.group\\\/ecommerce\\\/#organization\"},\"potentialAction\":[{\"@type\":\"SearchAction\",\"target\":{\"@type\":\"EntryPoint\",\"urlTemplate\":\"https:\\\/\\\/www.website-design.group\\\/ecommerce\\\/?s={search_term_string}\"},\"query-input\":{\"@type\":\"PropertyValueSpecification\",\"valueRequired\":true,\"valueName\":\"search_term_string\"}}],\"inLanguage\":\"de\"},{\"@type\":\"Organization\",\"@id\":\"https:\\\/\\\/www.website-design.group\\\/ecommerce\\\/#organization\",\"name\":\"Online-Shop\",\"url\":\"https:\\\/\\\/www.website-design.group\\\/ecommerce\\\/\",\"logo\":{\"@type\":\"ImageObject\",\"inLanguage\":\"de\",\"@id\":\"https:\\\/\\\/www.website-design.group\\\/ecommerce\\\/#\\\/schema\\\/logo\\\/image\\\/\",\"url\":\"https:\\\/\\\/www.website-design.group\\\/ecommerce\\\/wp-content\\\/uploads\\\/sites\\\/11\\\/2023\\\/06\\\/cropped-Shop_Now_Logo-removed.webp\",\"contentUrl\":\"https:\\\/\\\/www.website-design.group\\\/ecommerce\\\/wp-content\\\/uploads\\\/sites\\\/11\\\/2023\\\/06\\\/cropped-Shop_Now_Logo-removed.webp\",\"width\":580,\"height\":328,\"caption\":\"Online-Shop\"},\"image\":{\"@id\":\"https:\\\/\\\/www.website-design.group\\\/ecommerce\\\/#\\\/schema\\\/logo\\\/image\\\/\"}}]}<\/script>\n<!-- \/ Yoast SEO plugin. -->","yoast_head_json":{"title":"Kontakt - Online-Shop","robots":{"index":"index","follow":"follow","max-snippet":"max-snippet:-1","max-image-preview":"max-image-preview:large","max-video-preview":"max-video-preview:-1"},"canonical":"https:\/\/www.website-design.group\/ecommerce\/kontakt\/","og_locale":"de_DE","og_type":"article","og_title":"Kontakt - Online-Shop","og_description":"Adresse Shopstrasse 10014020 Linz, \u00d6sterreich KUNDENSERVICE info@yourbusiness.com +431234567890 \u00d6ffnungszeiten Mo\u2013 Fr 09:00\u201316:00 Sa-So 12:00-18:00 Wir w\u00fcrden uns sehr dar\u00fcber freuen, von Ihnen zu h\u00f6ren F\u00fcr Anfragen zu unseren Produkten und Dienstleistungen k\u00f6nnen Sie uns auch kontaktieren, indem Sie das folgende Formular ausf\u00fcllen.","og_url":"https:\/\/www.website-design.group\/ecommerce\/kontakt\/","og_site_name":"Online-Shop","article_modified_time":"2023-07-21T17:13:49+00:00","og_image":[{"width":400,"height":380,"url":"https:\/\/www.website-design.group\/ecommerce\/wp-content\/uploads\/sites\/11\/2023\/06\/Contact.jpg","type":"image\/jpeg"}],"twitter_card":"summary_large_image","twitter_misc":{"Gesch\u00e4tzte Lesezeit":"1\u00a0Minute"},"schema":{"@context":"https:\/\/schema.org","@graph":[{"@type":"WebPage","@id":"https:\/\/www.website-design.group\/ecommerce\/kontakt\/","url":"https:\/\/www.website-design.group\/ecommerce\/kontakt\/","name":"Kontakt - Online-Shop","isPartOf":{"@id":"https:\/\/www.website-design.group\/ecommerce\/#website"},"primaryImageOfPage":{"@id":"https:\/\/www.website-design.group\/ecommerce\/kontakt\/#primaryimage"},"image":{"@id":"https:\/\/www.website-design.group\/ecommerce\/kontakt\/#primaryimage"},"thumbnailUrl":"https:\/\/www.website-design.group\/ecommerce\/wp-content\/uploads\/sites\/11\/2023\/06\/Contact.jpg","datePublished":"2023-06-27T06:32:18+00:00","dateModified":"2023-07-21T17:13:49+00:00","breadcrumb":{"@id":"https:\/\/www.website-design.group\/ecommerce\/kontakt\/#breadcrumb"},"inLanguage":"de","potentialAction":[{"@type":"ReadAction","target":["https:\/\/www.website-design.group\/ecommerce\/kontakt\/"]}]},{"@type":"ImageObject","inLanguage":"de","@id":"https:\/\/www.website-design.group\/ecommerce\/kontakt\/#primaryimage","url":"https:\/\/www.website-design.group\/ecommerce\/wp-content\/uploads\/sites\/11\/2023\/06\/Contact.jpg","contentUrl":"https:\/\/www.website-design.group\/ecommerce\/wp-content\/uploads\/sites\/11\/2023\/06\/Contact.jpg","width":400,"height":380},{"@type":"BreadcrumbList","@id":"https:\/\/www.website-design.group\/ecommerce\/kontakt\/#breadcrumb","itemListElement":[{"@type":"ListItem","position":1,"name":"Startseite","item":"https:\/\/www.website-design.group\/ecommerce\/"},{"@type":"ListItem","position":2,"name":"Kontakt"}]},{"@type":"WebSite","@id":"https:\/\/www.website-design.group\/ecommerce\/#website","url":"https:\/\/www.website-design.group\/ecommerce\/","name":"Online-Shop","description":"Keramik Manufaktur Made in Austria","publisher":{"@id":"https:\/\/www.website-design.group\/ecommerce\/#organization"},"potentialAction":[{"@type":"SearchAction","target":{"@type":"EntryPoint","urlTemplate":"https:\/\/www.website-design.group\/ecommerce\/?s={search_term_string}"},"query-input":{"@type":"PropertyValueSpecification","valueRequired":true,"valueName":"search_term_string"}}],"inLanguage":"de"},{"@type":"Organization","@id":"https:\/\/www.website-design.group\/ecommerce\/#organization","name":"Online-Shop","url":"https:\/\/www.website-design.group\/ecommerce\/","logo":{"@type":"ImageObject","inLanguage":"de","@id":"https:\/\/www.website-design.group\/ecommerce\/#\/schema\/logo\/image\/","url":"https:\/\/www.website-design.group\/ecommerce\/wp-content\/uploads\/sites\/11\/2023\/06\/cropped-Shop_Now_Logo-removed.webp","contentUrl":"https:\/\/www.website-design.group\/ecommerce\/wp-content\/uploads\/sites\/11\/2023\/06\/cropped-Shop_Now_Logo-removed.webp","width":580,"height":328,"caption":"Online-Shop"},"image":{"@id":"https:\/\/www.website-design.group\/ecommerce\/#\/schema\/logo\/image\/"}}]}},"_links":{"self":[{"href":"https:\/\/www.website-design.group\/ecommerce\/wp-json\/wp\/v2\/pages\/75","targetHints":{"allow":["GET"]}}],"collection":[{"href":"https:\/\/www.website-design.group\/ecommerce\/wp-json\/wp\/v2\/pages"}],"about":[{"href":"https:\/\/www.website-design.group\/ecommerce\/wp-json\/wp\/v2\/types\/page"}],"author":[{"embeddable":true,"href":"https:\/\/www.website-design.group\/ecommerce\/wp-json\/wp\/v2\/users\/1"}],"replies":[{"embeddable":true,"href":"https:\/\/www.website-design.group\/ecommerce\/wp-json\/wp\/v2\/comments?post=75"}],"version-history":[{"count":0,"href":"https:\/\/www.website-design.group\/ecommerce\/wp-json\/wp\/v2\/pages\/75\/revisions"}],"wp:featuredmedia":[{"embeddable":true,"href":"https:\/\/www.website-design.group\/ecommerce\/wp-json\/wp\/v2\/media\/79"}],"wp:attachment":[{"href":"https:\/\/www.website-design.group\/ecommerce\/wp-json\/wp\/v2\/media?parent=75"}],"curies":[{"name":"wp","href":"https:\/\/api.w.org\/{rel}","templated":true}]}}