{"id":28,"date":"2023-06-15T12:47:35","date_gmt":"2023-06-15T10:47:35","guid":{"rendered":"https:\/\/www.website-design.group\/architektur\/about\/"},"modified":"2023-06-22T10:58:23","modified_gmt":"2023-06-22T08:58:23","slug":"ueber","status":"publish","type":"page","link":"https:\/\/www.website-design.group\/architektur\/ueber\/","title":{"rendered":"\u00dcber"},"content":{"rendered":"\t\t<div data-elementor-type=\"wp-page\" data-elementor-id=\"28\" class=\"elementor elementor-28\" data-elementor-post-type=\"page\">\n\t\t\t\t\t\t<section class=\"elementor-section elementor-top-section elementor-element elementor-element-2592d903 elementor-section-full_width elementor-section-height-min-height elementor-section-content-middle elementor-section-height-default elementor-section-items-middle\" data-id=\"2592d903\" data-element_type=\"section\" data-e-type=\"section\">\n\t\t\t\t\t\t<div class=\"elementor-container elementor-column-gap-no\">\n\t\t\t\t\t<div class=\"elementor-column elementor-col-100 elementor-top-column elementor-element elementor-element-2240bbd0\" data-id=\"2240bbd0\" data-element_type=\"column\" data-e-type=\"column\">\n\t\t\t<div class=\"elementor-widget-wrap elementor-element-populated\">\n\t\t\t\t\t\t<section class=\"elementor-section elementor-inner-section elementor-element elementor-element-3b7f712d elementor-section-full_width elementor-section-content-middle elementor-section-height-default elementor-section-height-default\" data-id=\"3b7f712d\" data-element_type=\"section\" data-e-type=\"section\">\n\t\t\t\t\t\t<div class=\"elementor-container elementor-column-gap-no\">\n\t\t\t\t\t<div class=\"elementor-column elementor-col-50 elementor-inner-column elementor-element elementor-element-594e8cea\" data-id=\"594e8cea\" data-element_type=\"column\" data-e-type=\"column\">\n\t\t\t<div class=\"elementor-widget-wrap elementor-element-populated\">\n\t\t\t\t\t\t<div class=\"elementor-element elementor-element-78d47bc8 elementor-cta--skin-classic elementor-animated-content elementor-widget elementor-widget-call-to-action\" data-id=\"78d47bc8\" data-element_type=\"widget\" data-e-type=\"widget\" data-widget_type=\"call-to-action.default\">\n\t\t\t\t<div class=\"elementor-widget-container\">\n\t\t\t\t\t\t\t<div class=\"elementor-cta\">\n\t\t\t\t\t<div class=\"elementor-cta__bg-wrapper\">\n\t\t\t\t<div class=\"elementor-cta__bg elementor-bg\" style=\"background-image: url(https:\/\/www.website-design.group\/architektur\/wp-content\/uploads\/sites\/5\/2023\/06\/man-67467_640.jpg);\" role=\"img\" aria-label=\"Muster Mann\"><\/div>\n\t\t\t\t<div class=\"elementor-cta__bg-overlay\"><\/div>\n\t\t\t<\/div>\n\t\t\t\t\t\t\t<div class=\"elementor-cta__content\">\n\t\t\t\t\n\t\t\t\t\t\t\t\t\t<h2 class=\"elementor-cta__title elementor-cta__content-item elementor-content-item\">\n\t\t\t\t\t\t\u00fcber\t\t\t\t\t<\/h2>\n\t\t\t\t\n\t\t\t\t\t\t\t\t\t<div class=\"elementor-cta__description elementor-cta__content-item elementor-content-item\">\n\t\t\t\t\t\tMUSTER MANN ist ein preisgekr\u00f6nter europ\u00e4ischer Architekt, der sich auf das Design von kommerzieller und privater Architektur spezialisiert hat. Er besitzt einen Master-Abschluss in Architektur und Design von der University of Architecture, London. Seine Arbeit zeichnet sich durch ihre leichte, nat\u00fcrliche, lebendige und dramatische Konstruktionen aus. Er arbeitet mit Kunden weltweit zusammen.\t\t\t\t\t<\/div>\n\t\t\t\t\n\t\t\t\t\t\t\t<\/div>\n\t\t\t\t\t\t<\/div>\n\t\t\t\t\t\t<\/div>\n\t\t\t\t<\/div>\n\t\t\t\t\t<\/div>\n\t\t<\/div>\n\t\t\t\t<div class=\"elementor-column elementor-col-50 elementor-inner-column elementor-element elementor-element-14cfc5b9 elementor-invisible\" data-id=\"14cfc5b9\" data-element_type=\"column\" data-e-type=\"column\" data-settings=\"{&quot;background_background&quot;:&quot;classic&quot;,&quot;animation&quot;:&quot;fadeInLeft&quot;,&quot;animation_tablet&quot;:&quot;fadeInDown&quot;}\">\n\t\t\t<div class=\"elementor-widget-wrap elementor-element-populated\">\n\t\t\t\t\t\t<div class=\"elementor-element elementor-element-452cb245 elementor-invisible elementor-widget elementor-widget-heading\" data-id=\"452cb245\" data-element_type=\"widget\" data-e-type=\"widget\" data-settings=\"{&quot;_animation&quot;:&quot;fadeInLeft&quot;,&quot;_animation_tablet&quot;:&quot;none&quot;}\" data-widget_type=\"heading.default\">\n\t\t\t\t<div class=\"elementor-widget-container\">\n\t\t\t\t\t<h4 class=\"elementor-heading-title elementor-size-default\">Ausgew\u00e4hlte Kienten<\/h4>\t\t\t\t<\/div>\n\t\t\t\t<\/div>\n\t\t\t\t<div class=\"elementor-element elementor-element-52baca6c elementor-invisible elementor-widget elementor-widget-text-editor\" data-id=\"52baca6c\" data-element_type=\"widget\" data-e-type=\"widget\" data-settings=\"{&quot;_animation&quot;:&quot;fadeInLeft&quot;,&quot;_animation_tablet&quot;:&quot;none&quot;}\" data-widget_type=\"text-editor.default\">\n\t\t\t\t<div class=\"elementor-widget-container\">\n\t\t\t\t\t\t\t\t\t<p>Lorem Ipsum Dolor, Onsectetur Adipisicing, Elit, Sed do Eiusmod, Tempor Incididunt, Ut Labore, Et Dolore Magna, Aliqua.<\/p>\t\t\t\t\t\t\t\t<\/div>\n\t\t\t\t<\/div>\n\t\t\t\t<div class=\"elementor-element elementor-element-a3f5500 animated-slow elementor-invisible elementor-widget elementor-widget-heading\" data-id=\"a3f5500\" data-element_type=\"widget\" data-e-type=\"widget\" data-settings=\"{&quot;_animation&quot;:&quot;fadeInLeft&quot;,&quot;_animation_tablet&quot;:&quot;none&quot;}\" data-widget_type=\"heading.default\">\n\t\t\t\t<div class=\"elementor-widget-container\">\n\t\t\t\t\t<h4 class=\"elementor-heading-title elementor-size-default\">AUsstellungen &amp; Auszeichnungen<\/h4>\t\t\t\t<\/div>\n\t\t\t\t<\/div>\n\t\t\t\t<div class=\"elementor-element elementor-element-7fdfd9ba animated-slow elementor-invisible elementor-widget elementor-widget-text-editor\" data-id=\"7fdfd9ba\" data-element_type=\"widget\" data-e-type=\"widget\" data-settings=\"{&quot;_animation&quot;:&quot;fadeInLeft&quot;,&quot;_animation_tablet&quot;:&quot;none&quot;}\" data-widget_type=\"text-editor.default\">\n\t\t\t\t<div class=\"elementor-widget-container\">\n\t\t\t\t\t\t\t\t\t<p><span style=\"font-family: Karla, sans-serif; font-size: 16px; font-style: normal; font-variant-ligatures: normal; font-variant-caps: normal; font-weight: 400;\">Lorem Ipsum Dolor, Onsectetur Adipisicing, Elit, Sed do Eiusmod, Tempor Incididunt, Ut Labore, Et Dolore Magna, Aliqua.<\/span><\/p>\t\t\t\t\t\t\t\t<\/div>\n\t\t\t\t<\/div>\n\t\t\t\t<div class=\"elementor-element elementor-element-2903c537 animated-slow elementor-invisible elementor-widget elementor-widget-heading\" data-id=\"2903c537\" data-element_type=\"widget\" data-e-type=\"widget\" data-settings=\"{&quot;_animation&quot;:&quot;fadeInLeft&quot;,&quot;_animation_tablet&quot;:&quot;none&quot;,&quot;_animation_delay&quot;:&quot;300&quot;}\" data-widget_type=\"heading.default\">\n\t\t\t\t<div class=\"elementor-widget-container\">\n\t\t\t\t\t<h4 class=\"elementor-heading-title elementor-size-default\">Publikationen<\/h4>\t\t\t\t<\/div>\n\t\t\t\t<\/div>\n\t\t\t\t<div class=\"elementor-element elementor-element-15165462 animated-slow elementor-invisible elementor-widget elementor-widget-text-editor\" data-id=\"15165462\" data-element_type=\"widget\" data-e-type=\"widget\" data-settings=\"{&quot;_animation&quot;:&quot;fadeInLeft&quot;,&quot;_animation_tablet&quot;:&quot;none&quot;,&quot;_animation_delay&quot;:&quot;300&quot;}\" data-widget_type=\"text-editor.default\">\n\t\t\t\t<div class=\"elementor-widget-container\">\n\t\t\t\t\t\t\t\t\t<p>Lorem Ipsum Dolor, Onsectetur Adipisicing, Elit, Sed do Eiusmod, Tempor Incididunt, Ut Labore, Et Dolore Magna, Aliqua.<\/p>\t\t\t\t\t\t\t\t<\/div>\n\t\t\t\t<\/div>\n\t\t\t\t\t<\/div>\n\t\t<\/div>\n\t\t\t\t\t<\/div>\n\t\t<\/section>\n\t\t\t\t\t<\/div>\n\t\t<\/div>\n\t\t\t\t\t<\/div>\n\t\t<\/section>\n\t\t\t\t<\/div>\n\t\t","protected":false},"excerpt":{"rendered":"<p>\u00fcber MUSTER MANN ist ein preisgekr\u00f6nter europ\u00e4ischer Architekt, der sich auf das Design von kommerzieller und privater Architektur spezialisiert hat. Er besitzt einen Master-Abschluss in Architektur und Design von der University of Architecture, London. Seine Arbeit zeichnet sich durch ihre leichte, nat\u00fcrliche, lebendige und dramatische Konstruktionen aus. Er arbeitet mit Kunden weltweit zusammen. Ausgew\u00e4hlte Kienten [&hellip;]<\/p>\n","protected":false},"author":1,"featured_media":0,"parent":0,"menu_order":0,"comment_status":"closed","ping_status":"closed","template":"elementor_header_footer","meta":{"footnotes":""},"class_list":["post-28","page","type-page","status-publish","hentry","entry"],"yoast_head":"<!-- This site is optimized with the Yoast SEO plugin v27.5 - https:\/\/yoast.com\/product\/yoast-seo-wordpress\/ -->\n<title>\u00dcber - Architekturb\u00fcro<\/title>\n<meta name=\"robots\" content=\"index, follow, max-snippet:-1, max-image-preview:large, max-video-preview:-1\" \/>\n<link rel=\"canonical\" href=\"https:\/\/www.website-design.group\/architektur\/ueber\/\" \/>\n<meta property=\"og:locale\" content=\"de_DE\" \/>\n<meta property=\"og:type\" content=\"article\" \/>\n<meta property=\"og:title\" content=\"\u00dcber - Architekturb\u00fcro\" \/>\n<meta property=\"og:description\" content=\"\u00fcber MUSTER MANN ist ein preisgekr\u00f6nter europ\u00e4ischer Architekt, der sich auf das Design von kommerzieller und privater Architektur spezialisiert hat. Er besitzt einen Master-Abschluss in Architektur und Design von der University of Architecture, London. Seine Arbeit zeichnet sich durch ihre leichte, nat\u00fcrliche, lebendige und dramatische Konstruktionen aus. Er arbeitet mit Kunden weltweit zusammen. Ausgew\u00e4hlte Kienten [&hellip;]\" \/>\n<meta property=\"og:url\" content=\"https:\/\/www.website-design.group\/architektur\/ueber\/\" \/>\n<meta property=\"og:site_name\" content=\"Architekturb\u00fcro\" \/>\n<meta property=\"article:modified_time\" content=\"2023-06-22T08:58:23+00:00\" \/>\n<meta name=\"twitter:card\" content=\"summary_large_image\" \/>\n<meta name=\"twitter:label1\" content=\"Gesch\u00e4tzte Lesezeit\" \/>\n\t<meta name=\"twitter:data1\" content=\"1\u00a0Minute\" \/>\n<script type=\"application\/ld+json\" class=\"yoast-schema-graph\">{\"@context\":\"https:\\\/\\\/schema.org\",\"@graph\":[{\"@type\":\"WebPage\",\"@id\":\"https:\\\/\\\/www.website-design.group\\\/architektur\\\/ueber\\\/\",\"url\":\"https:\\\/\\\/www.website-design.group\\\/architektur\\\/ueber\\\/\",\"name\":\"\u00dcber - Architekturb\u00fcro\",\"isPartOf\":{\"@id\":\"https:\\\/\\\/www.website-design.group\\\/architektur\\\/#website\"},\"datePublished\":\"2023-06-15T10:47:35+00:00\",\"dateModified\":\"2023-06-22T08:58:23+00:00\",\"breadcrumb\":{\"@id\":\"https:\\\/\\\/www.website-design.group\\\/architektur\\\/ueber\\\/#breadcrumb\"},\"inLanguage\":\"de\",\"potentialAction\":[{\"@type\":\"ReadAction\",\"target\":[\"https:\\\/\\\/www.website-design.group\\\/architektur\\\/ueber\\\/\"]}]},{\"@type\":\"BreadcrumbList\",\"@id\":\"https:\\\/\\\/www.website-design.group\\\/architektur\\\/ueber\\\/#breadcrumb\",\"itemListElement\":[{\"@type\":\"ListItem\",\"position\":1,\"name\":\"Startseite\",\"item\":\"https:\\\/\\\/www.website-design.group\\\/architektur\\\/\"},{\"@type\":\"ListItem\",\"position\":2,\"name\":\"\u00dcber\"}]},{\"@type\":\"WebSite\",\"@id\":\"https:\\\/\\\/www.website-design.group\\\/architektur\\\/#website\",\"url\":\"https:\\\/\\\/www.website-design.group\\\/architektur\\\/\",\"name\":\"Architekturb\u00fcro\",\"description\":\"Die Kunst des Bauens\",\"publisher\":{\"@id\":\"https:\\\/\\\/www.website-design.group\\\/architektur\\\/#organization\"},\"potentialAction\":[{\"@type\":\"SearchAction\",\"target\":{\"@type\":\"EntryPoint\",\"urlTemplate\":\"https:\\\/\\\/www.website-design.group\\\/architektur\\\/?s={search_term_string}\"},\"query-input\":{\"@type\":\"PropertyValueSpecification\",\"valueRequired\":true,\"valueName\":\"search_term_string\"}}],\"inLanguage\":\"de\"},{\"@type\":\"Organization\",\"@id\":\"https:\\\/\\\/www.website-design.group\\\/architektur\\\/#organization\",\"name\":\"Architekturb\u00fcro\",\"url\":\"https:\\\/\\\/www.website-design.group\\\/architektur\\\/\",\"logo\":{\"@type\":\"ImageObject\",\"inLanguage\":\"de\",\"@id\":\"https:\\\/\\\/www.website-design.group\\\/architektur\\\/#\\\/schema\\\/logo\\\/image\\\/\",\"url\":\"https:\\\/\\\/www.website-design.group\\\/architektur\\\/wp-content\\\/uploads\\\/sites\\\/5\\\/2023\\\/11\\\/cropped-A2K_Logo-removeed.png\",\"contentUrl\":\"https:\\\/\\\/www.website-design.group\\\/architektur\\\/wp-content\\\/uploads\\\/sites\\\/5\\\/2023\\\/11\\\/cropped-A2K_Logo-removeed.png\",\"width\":365,\"height\":206,\"caption\":\"Architekturb\u00fcro\"},\"image\":{\"@id\":\"https:\\\/\\\/www.website-design.group\\\/architektur\\\/#\\\/schema\\\/logo\\\/image\\\/\"}}]}<\/script>\n<!-- \/ Yoast SEO plugin. -->","yoast_head_json":{"title":"\u00dcber - Architekturb\u00fcro","robots":{"index":"index","follow":"follow","max-snippet":"max-snippet:-1","max-image-preview":"max-image-preview:large","max-video-preview":"max-video-preview:-1"},"canonical":"https:\/\/www.website-design.group\/architektur\/ueber\/","og_locale":"de_DE","og_type":"article","og_title":"\u00dcber - Architekturb\u00fcro","og_description":"\u00fcber MUSTER MANN ist ein preisgekr\u00f6nter europ\u00e4ischer Architekt, der sich auf das Design von kommerzieller und privater Architektur spezialisiert hat. Er besitzt einen Master-Abschluss in Architektur und Design von der University of Architecture, London. Seine Arbeit zeichnet sich durch ihre leichte, nat\u00fcrliche, lebendige und dramatische Konstruktionen aus. Er arbeitet mit Kunden weltweit zusammen. Ausgew\u00e4hlte Kienten [&hellip;]","og_url":"https:\/\/www.website-design.group\/architektur\/ueber\/","og_site_name":"Architekturb\u00fcro","article_modified_time":"2023-06-22T08:58:23+00:00","twitter_card":"summary_large_image","twitter_misc":{"Gesch\u00e4tzte Lesezeit":"1\u00a0Minute"},"schema":{"@context":"https:\/\/schema.org","@graph":[{"@type":"WebPage","@id":"https:\/\/www.website-design.group\/architektur\/ueber\/","url":"https:\/\/www.website-design.group\/architektur\/ueber\/","name":"\u00dcber - Architekturb\u00fcro","isPartOf":{"@id":"https:\/\/www.website-design.group\/architektur\/#website"},"datePublished":"2023-06-15T10:47:35+00:00","dateModified":"2023-06-22T08:58:23+00:00","breadcrumb":{"@id":"https:\/\/www.website-design.group\/architektur\/ueber\/#breadcrumb"},"inLanguage":"de","potentialAction":[{"@type":"ReadAction","target":["https:\/\/www.website-design.group\/architektur\/ueber\/"]}]},{"@type":"BreadcrumbList","@id":"https:\/\/www.website-design.group\/architektur\/ueber\/#breadcrumb","itemListElement":[{"@type":"ListItem","position":1,"name":"Startseite","item":"https:\/\/www.website-design.group\/architektur\/"},{"@type":"ListItem","position":2,"name":"\u00dcber"}]},{"@type":"WebSite","@id":"https:\/\/www.website-design.group\/architektur\/#website","url":"https:\/\/www.website-design.group\/architektur\/","name":"Architekturb\u00fcro","description":"Die Kunst des Bauens","publisher":{"@id":"https:\/\/www.website-design.group\/architektur\/#organization"},"potentialAction":[{"@type":"SearchAction","target":{"@type":"EntryPoint","urlTemplate":"https:\/\/www.website-design.group\/architektur\/?s={search_term_string}"},"query-input":{"@type":"PropertyValueSpecification","valueRequired":true,"valueName":"search_term_string"}}],"inLanguage":"de"},{"@type":"Organization","@id":"https:\/\/www.website-design.group\/architektur\/#organization","name":"Architekturb\u00fcro","url":"https:\/\/www.website-design.group\/architektur\/","logo":{"@type":"ImageObject","inLanguage":"de","@id":"https:\/\/www.website-design.group\/architektur\/#\/schema\/logo\/image\/","url":"https:\/\/www.website-design.group\/architektur\/wp-content\/uploads\/sites\/5\/2023\/11\/cropped-A2K_Logo-removeed.png","contentUrl":"https:\/\/www.website-design.group\/architektur\/wp-content\/uploads\/sites\/5\/2023\/11\/cropped-A2K_Logo-removeed.png","width":365,"height":206,"caption":"Architekturb\u00fcro"},"image":{"@id":"https:\/\/www.website-design.group\/architektur\/#\/schema\/logo\/image\/"}}]}},"_links":{"self":[{"href":"https:\/\/www.website-design.group\/architektur\/wp-json\/wp\/v2\/pages\/28","targetHints":{"allow":["GET"]}}],"collection":[{"href":"https:\/\/www.website-design.group\/architektur\/wp-json\/wp\/v2\/pages"}],"about":[{"href":"https:\/\/www.website-design.group\/architektur\/wp-json\/wp\/v2\/types\/page"}],"author":[{"embeddable":true,"href":"https:\/\/www.website-design.group\/architektur\/wp-json\/wp\/v2\/users\/1"}],"replies":[{"embeddable":true,"href":"https:\/\/www.website-design.group\/architektur\/wp-json\/wp\/v2\/comments?post=28"}],"version-history":[{"count":0,"href":"https:\/\/www.website-design.group\/architektur\/wp-json\/wp\/v2\/pages\/28\/revisions"}],"wp:attachment":[{"href":"https:\/\/www.website-design.group\/architektur\/wp-json\/wp\/v2\/media?parent=28"}],"curies":[{"name":"wp","href":"https:\/\/api.w.org\/{rel}","templated":true}]}}